{"id":1055,"date":"2025-06-09T09:18:59","date_gmt":"2025-06-09T09:18:59","guid":{"rendered":"https:\/\/chaletbreithorncervinia.com\/accueil\/"},"modified":"2025-12-15T10:55:40","modified_gmt":"2025-12-15T10:55:40","slug":"accueil","status":"publish","type":"page","link":"https:\/\/chaletbreithorncervinia.com\/fr\/","title":{"rendered":"Accueil"},"content":{"rendered":"\t\t<div data-elementor-type=\"wp-post\" data-elementor-id=\"1055\" class=\"elementor elementor-1055 elementor-13\" data-elementor-post-type=\"page\">\n\t\t\t\t<div class=\"elementor-element elementor-element-b4462e8 e-flex e-con-boxed e-con e-parent\" data-id=\"b4462e8\" data-element_type=\"container\" data-settings=\"{&quot;background_background&quot;:&quot;classic&quot;}\">\n\t\t\t\t\t<div class=\"e-con-inner\">\n\t\t<div class=\"elementor-element elementor-element-eb755de e-con-full elementor-hidden-tablet elementor-hidden-mobile e-flex e-con e-child\" data-id=\"eb755de\" data-element_type=\"container\">\n\t\t\t\t<\/div>\n\t\t<div class=\"elementor-element elementor-element-68da976 e-con-full e-flex e-con e-child\" data-id=\"68da976\" data-element_type=\"container\">\n\t\t\t\t<div class=\"elementor-element elementor-element-361595f elementor-hidden-desktop elementor-widget elementor-widget-template\" data-id=\"361595f\" data-element_type=\"widget\" data-widget_type=\"template.default\">\n\t\t\t\t<div class=\"elementor-widget-container\">\n\t\t\t\t\t\t\t<div class=\"elementor-template\">\n\t\t\t\t\t<div data-elementor-type=\"container\" data-elementor-id=\"471\" class=\"elementor elementor-471\" data-elementor-post-type=\"elementor_library\">\n\t\t\t\t<div class=\"elementor-element elementor-element-20d1191 elementor-hidden-desktop e-flex e-con-boxed e-con e-parent\" data-id=\"20d1191\" data-element_type=\"container\" data-settings=\"{&quot;background_background&quot;:&quot;classic&quot;}\">\n\t\t\t\t\t<div class=\"e-con-inner\">\n\t\t\t\t<div class=\"elementor-element elementor-element-ef2552c elementor-widget elementor-widget-image\" data-id=\"ef2552c\" data-element_type=\"widget\" data-widget_type=\"image.default\">\n\t\t\t\t<div class=\"elementor-widget-container\">\n\t\t\t\t\t\t\t\t\t\t\t\t\t\t\t<img decoding=\"async\" width=\"292\" height=\"113\" src=\"https:\/\/chaletbreithorncervinia.com\/wp-content\/uploads\/chalet_breithorn_logo_w.svg\" class=\"attachment-full size-full wp-image-867\" alt=\"\" \/>\t\t\t\t\t\t\t\t\t\t\t\t\t\t\t<\/div>\n\t\t\t\t<\/div>\n\t\t\t\t\t<\/div>\n\t\t\t\t<\/div>\n\t\t\t\t<\/div>\n\t\t\t\t<\/div>\n\t\t\t\t\t\t<\/div>\n\t\t\t\t<\/div>\n\t\t<div class=\"elementor-element elementor-element-06dba96 e-con-full e-flex e-con e-child\" data-id=\"06dba96\" data-element_type=\"container\">\n\t\t\t\t<div class=\"elementor-element elementor-element-ad61fce elementor-widget elementor-widget-heading\" data-id=\"ad61fce\" data-element_type=\"widget\" data-widget_type=\"heading.default\">\n\t\t\t\t<div class=\"elementor-widget-container\">\n\t\t\t\t\t<h2 class=\"elementor-heading-title elementor-size-default\">DES SOUVENIRS <\/br>INOUBLIABLES<\/h2>\t\t\t\t<\/div>\n\t\t\t\t<\/div>\n\t\t\t\t<div class=\"elementor-element elementor-element-e11c775 elementor-widget__width-initial elementor-widget elementor-widget-text-editor\" data-id=\"e11c775\" data-element_type=\"widget\" data-widget_type=\"text-editor.default\">\n\t\t\t\t<div class=\"elementor-widget-container\">\n\t\t\t\t\t\t\t\t\t<p>Bienvenue au Chalet Breithorn \u2014 o\u00f9 des vues \u00e0 couper le souffle et un luxe in\u00e9gal\u00e9 se rencontrent. D\u00e9couvrez le charme de Cervinia dans une retraite exclusive con\u00e7ue pour le confort, l\u2019\u00e9l\u00e9gance et des instants inoubliables qui durent toute une vie. <\/p>\t\t\t\t\t\t\t\t<\/div>\n\t\t\t\t<\/div>\n\t\t\t\t<\/div>\n\t\t\t\t<div class=\"elementor-element elementor-element-071679b elementor-widget elementor-widget-button\" data-id=\"071679b\" data-element_type=\"widget\" data-widget_type=\"button.default\">\n\t\t\t\t<div class=\"elementor-widget-container\">\n\t\t\t\t\t\t\t\t\t<div class=\"elementor-button-wrapper\">\n\t\t\t\t\t<a class=\"elementor-button elementor-button-link elementor-size-sm\" href=\"https:\/\/chaletbreithorncervinia.com\/fr\/contactez-nous\/\">\n\t\t\t\t\t\t<span class=\"elementor-button-content-wrapper\">\n\t\t\t\t\t\t\t\t\t<span class=\"elementor-button-text\">R\u00c9SERVEZ<\/span>\n\t\t\t\t\t<\/span>\n\t\t\t\t\t<\/a>\n\t\t\t\t<\/div>\n\t\t\t\t\t\t\t\t<\/div>\n\t\t\t\t<\/div>\n\t\t\t\t<\/div>\n\t\t\t\t\t<\/div>\n\t\t\t\t<\/div>\n\t\t<div class=\"elementor-element elementor-element-99140bd e-con-full e-flex e-con e-parent\" data-id=\"99140bd\" data-element_type=\"container\">\n\t\t<div class=\"elementor-element elementor-element-5db0713 e-con-full e-flex e-con e-child\" data-id=\"5db0713\" data-element_type=\"container\" data-settings=\"{&quot;background_background&quot;:&quot;classic&quot;}\">\n\t\t<div class=\"elementor-element elementor-element-54a3366 e-con-full e-flex e-con e-child\" data-id=\"54a3366\" data-element_type=\"container\">\n\t\t\t\t<div class=\"elementor-element elementor-element-39e3a5a elementor-widget elementor-widget-heading\" data-id=\"39e3a5a\" data-element_type=\"widget\" data-widget_type=\"heading.default\">\n\t\t\t\t<div class=\"elementor-widget-container\">\n\t\t\t\t\t<h1 class=\"elementor-heading-title elementor-size-default\">CHALET <\/br>BREITHORN<\/h1>\t\t\t\t<\/div>\n\t\t\t\t<\/div>\n\t\t\t\t<div class=\"elementor-element elementor-element-c915954 elementor-widget__width-initial elementor-widget elementor-widget-text-editor\" data-id=\"c915954\" data-element_type=\"widget\" data-widget_type=\"text-editor.default\">\n\t\t\t\t<div class=\"elementor-widget-container\">\n\t\t\t\t\t\t\t\t\tLe Chalet Breithorn, un joyau cach\u00e9 au c\u0153ur des Alpes, o\u00f9 le luxe rencontre la beaut\u00e9 brute de Cervinia. Con\u00e7u \u00e0 la fois pour les amateurs de sensations fortes et ceux en qu\u00eate de tranquillit\u00e9, ce refuge exclusif offre un \u00e9quilibre parfait entre aventure et d\u00e9tente. Que vous soyez en train de conqu\u00e9rir les pistes ou de vous d\u00e9tendre au coin du feu, chaque moment est pens\u00e9 pour le confort et l\u2019\u00e9l\u00e9gance.  \t\t\t\t\t\t\t\t<\/div>\n\t\t\t\t<\/div>\n\t\t\t\t<\/div>\n\t\t\t\t<div class=\"elementor-element elementor-element-1d62a3c elementor-mobile-align-center elementor-widget elementor-widget-button\" data-id=\"1d62a3c\" data-element_type=\"widget\" data-widget_type=\"button.default\">\n\t\t\t\t<div class=\"elementor-widget-container\">\n\t\t\t\t\t\t\t\t\t<div class=\"elementor-button-wrapper\">\n\t\t\t\t\t<a class=\"elementor-button elementor-button-link elementor-size-sm\" href=\"https:\/\/chaletbreithorncervinia.com\/fr\/a-propos\/\">\n\t\t\t\t\t\t<span class=\"elementor-button-content-wrapper\">\n\t\t\t\t\t\t\t\t\t<span class=\"elementor-button-text\">EN SAVOIR PLUS<\/span>\n\t\t\t\t\t<\/span>\n\t\t\t\t\t<\/a>\n\t\t\t\t<\/div>\n\t\t\t\t\t\t\t\t<\/div>\n\t\t\t\t<\/div>\n\t\t\t\t<\/div>\n\t\t<div class=\"elementor-element elementor-element-6811f95 e-con-full e-flex e-con e-child\" data-id=\"6811f95\" data-element_type=\"container\" data-settings=\"{&quot;background_background&quot;:&quot;classic&quot;}\">\n\t\t\t\t<\/div>\n\t\t\t\t<\/div>\n\t\t<div class=\"elementor-element elementor-element-12db04b e-con-full e-flex e-con e-parent\" data-id=\"12db04b\" data-element_type=\"container\">\n\t\t<div class=\"elementor-element elementor-element-7486f52 e-con-full e-flex e-con e-child\" data-id=\"7486f52\" data-element_type=\"container\" data-settings=\"{&quot;background_background&quot;:&quot;classic&quot;}\">\n\t\t<div class=\"elementor-element elementor-element-4616036 e-con-full e-flex e-con e-child\" data-id=\"4616036\" data-element_type=\"container\" data-settings=\"{&quot;background_background&quot;:&quot;classic&quot;}\">\n\t\t\t\t<\/div>\n\t\t<div class=\"elementor-element elementor-element-1a5890d e-con-full e-flex e-con e-child\" data-id=\"1a5890d\" data-element_type=\"container\">\n\t\t\t\t<div class=\"elementor-element elementor-element-b19f36b elementor-widget elementor-widget-text-editor\" data-id=\"b19f36b\" data-element_type=\"widget\" data-widget_type=\"text-editor.default\">\n\t\t\t\t<div class=\"elementor-widget-container\">\n\t\t\t\t\t\t\t\t\tCon\u00e7u avec une attention impeccable aux d\u00e9tails, le Chalet Breithorn marie charme alpin traditionnel et sophistication contemporaine.\t\t\t\t\t\t\t\t<\/div>\n\t\t\t\t<\/div>\n\t\t\t\t<div class=\"elementor-element elementor-element-c5a8f03 elementor-mobile-align-center elementor-widget elementor-widget-button\" data-id=\"c5a8f03\" data-element_type=\"widget\" data-widget_type=\"button.default\">\n\t\t\t\t<div class=\"elementor-widget-container\">\n\t\t\t\t\t\t\t\t\t<div class=\"elementor-button-wrapper\">\n\t\t\t\t\t<a class=\"elementor-button elementor-button-link elementor-size-sm\" href=\"https:\/\/chaletbreithorncervinia.com\/fr\/suites\/\">\n\t\t\t\t\t\t<span class=\"elementor-button-content-wrapper\">\n\t\t\t\t\t\t\t\t\t<span class=\"elementor-button-text\">D\u00c9COUVREZ LES SUITES<\/span>\n\t\t\t\t\t<\/span>\n\t\t\t\t\t<\/a>\n\t\t\t\t<\/div>\n\t\t\t\t\t\t\t\t<\/div>\n\t\t\t\t<\/div>\n\t\t\t\t<\/div>\n\t\t\t\t<\/div>\n\t\t<div class=\"elementor-element elementor-element-273cec5 e-con-full e-flex e-con e-child\" data-id=\"273cec5\" data-element_type=\"container\" data-settings=\"{&quot;background_background&quot;:&quot;classic&quot;}\">\n\t\t<div class=\"elementor-element elementor-element-f0c07a4 e-con-full e-flex e-con e-child\" data-id=\"f0c07a4\" data-element_type=\"container\" data-settings=\"{&quot;background_background&quot;:&quot;classic&quot;}\">\n\t\t\t\t<\/div>\n\t\t<div class=\"elementor-element elementor-element-1c17699 e-con-full e-flex e-con e-child\" data-id=\"1c17699\" data-element_type=\"container\">\n\t\t\t\t<div class=\"elementor-element elementor-element-c034b25 elementor-widget elementor-widget-text-editor\" data-id=\"c034b25\" data-element_type=\"widget\" data-widget_type=\"text-editor.default\">\n\t\t\t\t<div class=\"elementor-widget-container\">\n\t\t\t\t\t\t\t\t\tLe Chalet Breithorn promet une exp\u00e9rience unique o\u00f9 luxe et spectacle se rencontrent au sommet.\t\t\t\t\t\t\t\t<\/div>\n\t\t\t\t<\/div>\n\t\t\t\t<div class=\"elementor-element elementor-element-274c5bf elementor-mobile-align-center elementor-widget elementor-widget-button\" data-id=\"274c5bf\" data-element_type=\"widget\" data-widget_type=\"button.default\">\n\t\t\t\t<div class=\"elementor-widget-container\">\n\t\t\t\t\t\t\t\t\t<div class=\"elementor-button-wrapper\">\n\t\t\t\t\t<a class=\"elementor-button elementor-button-link elementor-size-sm\" href=\"https:\/\/chaletbreithorncervinia.com\/fr\/services\/\">\n\t\t\t\t\t\t<span class=\"elementor-button-content-wrapper\">\n\t\t\t\t\t\t\t\t\t<span class=\"elementor-button-text\">D\u00c9COUVREZ NOS SERVICES<\/span>\n\t\t\t\t\t<\/span>\n\t\t\t\t\t<\/a>\n\t\t\t\t<\/div>\n\t\t\t\t\t\t\t\t<\/div>\n\t\t\t\t<\/div>\n\t\t\t\t<\/div>\n\t\t\t\t<\/div>\n\t\t\t\t<\/div>\n\t\t<div class=\"elementor-element elementor-element-c647726 e-con-full e-flex e-con e-parent\" data-id=\"c647726\" data-element_type=\"container\">\n\t\t<div class=\"elementor-element elementor-element-d7dc754 e-con-full e-flex e-con e-child\" data-id=\"d7dc754\" data-element_type=\"container\" data-settings=\"{&quot;background_background&quot;:&quot;classic&quot;}\">\n\t\t\t\t<\/div>\n\t\t<div class=\"elementor-element elementor-element-7aa4d67 e-con-full e-flex e-con e-child\" data-id=\"7aa4d67\" data-element_type=\"container\" data-settings=\"{&quot;background_background&quot;:&quot;classic&quot;}\">\n\t\t<div class=\"elementor-element elementor-element-8407747 e-con-full e-flex e-con e-child\" data-id=\"8407747\" data-element_type=\"container\">\n\t\t\t\t<div class=\"elementor-element elementor-element-fdde400 elementor-widget elementor-widget-heading\" data-id=\"fdde400\" data-element_type=\"widget\" data-widget_type=\"heading.default\">\n\t\t\t\t<div class=\"elementor-widget-container\">\n\t\t\t\t\t<h2 class=\"elementor-heading-title elementor-size-default\">LE LUXE RENCONTRE <\/br>\nLE CONFORT<\/h2>\t\t\t\t<\/div>\n\t\t\t\t<\/div>\n\t\t\t\t<div class=\"elementor-element elementor-element-0ff8bae elementor-widget__width-initial elementor-widget elementor-widget-text-editor\" data-id=\"0ff8bae\" data-element_type=\"widget\" data-widget_type=\"text-editor.default\">\n\t\t\t\t<div class=\"elementor-widget-container\">\n\t\t\t\t\t\t\t\t\tAu c\u0153ur de Cervinia, le Chalet Breithorn red\u00e9finit le luxe avec son design raffin\u00e9 et ses prestations de classe mondiale. Id\u00e9alement situ\u00e9 pour les passionn\u00e9s de ski, il propose une retraite in\u00e9gal\u00e9e avec spa priv\u00e9, piscine int\u00e9rieure et salle de cin\u00e9ma exclusive. Chaque d\u00e9tail respire l\u2019\u00e9l\u00e9gance, garantissant une exp\u00e9rience raffin\u00e9e et luxueuse. Ce n\u2019est pas simplement un chalet \u2014 c\u2019est un sanctuaire de sophistication et de confort.   \t\t\t\t\t\t\t\t<\/div>\n\t\t\t\t<\/div>\n\t\t\t\t<\/div>\n\t\t\t\t<div class=\"elementor-element elementor-element-785e451 elementor-mobile-align-center elementor-widget elementor-widget-button\" data-id=\"785e451\" data-element_type=\"widget\" data-widget_type=\"button.default\">\n\t\t\t\t<div class=\"elementor-widget-container\">\n\t\t\t\t\t\t\t\t\t<div class=\"elementor-button-wrapper\">\n\t\t\t\t\t<a class=\"elementor-button elementor-button-link elementor-size-sm\" href=\"https:\/\/chaletbreithorncervinia.com\/fr\/gallery\/\">\n\t\t\t\t\t\t<span class=\"elementor-button-content-wrapper\">\n\t\t\t\t\t\t\t\t\t<span class=\"elementor-button-text\">VOIR LA GALERIE<\/span>\n\t\t\t\t\t<\/span>\n\t\t\t\t\t<\/a>\n\t\t\t\t<\/div>\n\t\t\t\t\t\t\t\t<\/div>\n\t\t\t\t<\/div>\n\t\t\t\t<\/div>\n\t\t\t\t<\/div>\n\t\t<div class=\"elementor-element elementor-element-257b831 e-flex e-con-boxed e-con e-parent\" data-id=\"257b831\" data-element_type=\"container\" data-settings=\"{&quot;background_background&quot;:&quot;classic&quot;}\">\n\t\t\t\t\t<div class=\"e-con-inner\">\n\t\t\t\t<div class=\"elementor-element elementor-element-2524a00 elementor-widget-mobile__width-initial elementor-widget elementor-widget-heading\" data-id=\"2524a00\" data-element_type=\"widget\" data-widget_type=\"heading.default\">\n\t\t\t\t<div class=\"elementor-widget-container\">\n\t\t\t\t\t<h2 class=\"elementor-heading-title elementor-size-default\">\u00caTES-VOUS PR\u00caT \u00c0 R\u00c9SERVER VOTRE S\u00c9JOUR<\/br> AU CHALET BREITHORN?<\/h2>\t\t\t\t<\/div>\n\t\t\t\t<\/div>\n\t\t\t\t<div class=\"elementor-element elementor-element-7f8d4bd elementor-align-center elementor-widget elementor-widget-button\" data-id=\"7f8d4bd\" data-element_type=\"widget\" data-widget_type=\"button.default\">\n\t\t\t\t<div class=\"elementor-widget-container\">\n\t\t\t\t\t\t\t\t\t<div class=\"elementor-button-wrapper\">\n\t\t\t\t\t<a class=\"elementor-button elementor-button-link elementor-size-sm\" href=\"https:\/\/chaletbreithorncervinia.com\/fr\/contactez-nous\/\">\n\t\t\t\t\t\t<span class=\"elementor-button-content-wrapper\">\n\t\t\t\t\t\t\t\t\t<span class=\"elementor-button-text\">CONTACTEZ-NOUS<\/span>\n\t\t\t\t\t<\/span>\n\t\t\t\t\t<\/a>\n\t\t\t\t<\/div>\n\t\t\t\t\t\t\t\t<\/div>\n\t\t\t\t<\/div>\n\t\t\t\t\t<\/div>\n\t\t\t\t<\/div>\n\t\t<div class=\"elementor-element elementor-element-9c3593e e-flex e-con-boxed e-con e-parent\" data-id=\"9c3593e\" data-element_type=\"container\" data-settings=\"{&quot;background_background&quot;:&quot;classic&quot;}\">\n\t\t\t\t\t<div class=\"e-con-inner\">\n\t\t\t\t<div class=\"elementor-element elementor-element-e83064f elementor-widget-mobile__width-initial elementor-widget elementor-widget-heading\" data-id=\"e83064f\" data-element_type=\"widget\" data-widget_type=\"heading.default\">\n\t\t\t\t<div class=\"elementor-widget-container\">\n\t\t\t\t\t<h5 class=\"elementor-heading-title elementor-size-default\">VOUS AIMEZ L\u2019AMBIANCE DE LA MONTAGNE?<\/br> SUIVEZ-NOUS POUR ENCORE PLUS.<\/h5>\t\t\t\t<\/div>\n\t\t\t\t<\/div>\n\t\t\t\t<div class=\"elementor-element elementor-element-49e97ce elementor-shape-circle elementor-grid-0 e-grid-align-center elementor-widget elementor-widget-social-icons\" data-id=\"49e97ce\" data-element_type=\"widget\" data-widget_type=\"social-icons.default\">\n\t\t\t\t<div class=\"elementor-widget-container\">\n\t\t\t\t\t\t\t<div class=\"elementor-social-icons-wrapper elementor-grid\" role=\"list\">\n\t\t\t\t\t\t\t<span class=\"elementor-grid-item\" role=\"listitem\">\n\t\t\t\t\t<a class=\"elementor-icon elementor-social-icon elementor-social-icon- elementor-repeater-item-583b65c\" href=\"https:\/\/www.instagram.com\/chaletbreithorn\/\" target=\"_blank\">\n\t\t\t\t\t\t<span class=\"elementor-screen-only\"><\/span>\n\t\t\t\t\t\t<svg xmlns=\"http:\/\/www.w3.org\/2000\/svg\" width=\"22\" height=\"22\" viewBox=\"0 0 22 22\" fill=\"none\"><g clip-path=\"url(#clip0_342_99)\"><path d=\"M16 1H6C3.23858 1 1 3.23858 1 6V16C1 18.7614 3.23858 21 6 21H16C18.7614 21 21 18.7614 21 16V6C21 3.23858 18.7614 1 16 1Z\" stroke=\"white\" stroke-linecap=\"round\" stroke-linejoin=\"round\"><\/path><path d=\"M16.1051 10.5543C16.2698 11.6647 16.0801 12.7989 15.5631 13.7953C15.046 14.7917 14.228 15.5998 13.2252 16.1045C12.2225 16.6092 11.0861 16.7849 9.97777 16.6065C8.86943 16.4282 7.84555 15.9049 7.05175 15.1111C6.25795 14.3173 5.73466 13.2934 5.55632 12.1851C5.37797 11.0767 5.55364 9.94038 6.05835 8.93763C6.56306 7.93488 7.37111 7.11681 8.36755 6.59978C9.364 6.08274 10.4981 5.89307 11.6086 6.05774C12.7413 6.2257 13.7899 6.75352 14.5996 7.56322C15.4093 8.37293 15.9371 9.42158 16.1051 10.5543Z\" stroke=\"white\" stroke-linecap=\"round\" stroke-linejoin=\"round\"><\/path><path d=\"M17 5H17.01\" stroke=\"white\" stroke-width=\"2\" stroke-linecap=\"round\" stroke-linejoin=\"round\"><\/path><\/g><defs><clipPath id=\"clip0_342_99\"><rect width=\"22\" height=\"22\" fill=\"none\"><\/rect><\/clipPath><\/defs><\/svg>\t\t\t\t\t<\/a>\n\t\t\t\t<\/span>\n\t\t\t\t\t\t\t<span class=\"elementor-grid-item\" role=\"listitem\">\n\t\t\t\t\t<a class=\"elementor-icon elementor-social-icon elementor-social-icon- elementor-repeater-item-78262b7\" href=\"https:\/\/www.facebook.com\/profile.php?id=61577983024115\" target=\"_blank\">\n\t\t\t\t\t\t<span class=\"elementor-screen-only\"><\/span>\n\t\t\t\t\t\t<svg xmlns=\"http:\/\/www.w3.org\/2000\/svg\" width=\"22\" height=\"22\" viewBox=\"0 0 22 22\" fill=\"none\"><g clip-path=\"url(#clip0_342_103)\"><path d=\"M14.3915 4.58325H12.4665C11.6156 4.58325 10.7996 4.92127 10.1979 5.52294C9.59625 6.12462 9.25823 6.94066 9.25823 7.79155V9.71654H7.33325V12.2832H9.25823V17.4165H11.8249V12.2832H13.7499L14.3915 9.71654H11.8249V7.79155C11.8249 7.62138 11.8925 7.45817 12.0128 7.33783C12.1331 7.2175 12.2964 7.14989 12.4665 7.14989H14.3915V4.58325Z\" stroke=\"white\" stroke-linecap=\"round\" stroke-linejoin=\"round\"><\/path><circle cx=\"11.0001\" cy=\"11.0001\" r=\"10.0833\" stroke=\"white\"><\/circle><\/g><defs><clipPath id=\"clip0_342_103\"><rect width=\"22\" height=\"22\" fill=\"none\"><\/rect><\/clipPath><\/defs><\/svg>\t\t\t\t\t<\/a>\n\t\t\t\t<\/span>\n\t\t\t\t\t<\/div>\n\t\t\t\t\t\t<\/div>\n\t\t\t\t<\/div>\n\t\t\t\t\t<\/div>\n\t\t\t\t<\/div>\n\t\t\t\t<\/div>\n\t\t","protected":false},"excerpt":{"rendered":"<p>DES SOUVENIRS INOUBLIABLES Bienvenue au Chalet Breithorn \u2014 o\u00f9 des vues \u00e0 couper le souffle et un luxe in\u00e9gal\u00e9 se rencontrent. D\u00e9couvrez le charme de Cervinia dans une retraite exclusive con\u00e7ue pour le confort, l\u2019\u00e9l\u00e9gance et des instants inoubliables qui durent toute une vie. R\u00c9SERVEZ CHALET BREITHORN Le Chalet Breithorn, un joyau cach\u00e9 au c\u0153ur [&hellip;]<\/p>\n","protected":false},"author":2,"featured_media":0,"parent":0,"menu_order":0,"comment_status":"closed","ping_status":"closed","template":"","meta":{"_acf_changed":false,"footnotes":""},"class_list":["post-1055","page","type-page","status-publish","hentry"],"acf":[],"_links":{"self":[{"href":"https:\/\/chaletbreithorncervinia.com\/fr\/wp-json\/wp\/v2\/pages\/1055","targetHints":{"allow":["GET"]}}],"collection":[{"href":"https:\/\/chaletbreithorncervinia.com\/fr\/wp-json\/wp\/v2\/pages"}],"about":[{"href":"https:\/\/chaletbreithorncervinia.com\/fr\/wp-json\/wp\/v2\/types\/page"}],"author":[{"embeddable":true,"href":"https:\/\/chaletbreithorncervinia.com\/fr\/wp-json\/wp\/v2\/users\/2"}],"replies":[{"embeddable":true,"href":"https:\/\/chaletbreithorncervinia.com\/fr\/wp-json\/wp\/v2\/comments?post=1055"}],"version-history":[{"count":9,"href":"https:\/\/chaletbreithorncervinia.com\/fr\/wp-json\/wp\/v2\/pages\/1055\/revisions"}],"predecessor-version":[{"id":1296,"href":"https:\/\/chaletbreithorncervinia.com\/fr\/wp-json\/wp\/v2\/pages\/1055\/revisions\/1296"}],"wp:attachment":[{"href":"https:\/\/chaletbreithorncervinia.com\/fr\/wp-json\/wp\/v2\/media?parent=1055"}],"curies":[{"name":"wp","href":"https:\/\/api.w.org\/{rel}","templated":true}]}}