{"id":1057,"date":"2025-06-09T09:15:16","date_gmt":"2025-06-09T09:15:16","guid":{"rendered":"https:\/\/chaletbreithorncervinia.com\/a-propos\/"},"modified":"2025-12-15T11:03:31","modified_gmt":"2025-12-15T11:03:31","slug":"a-propos","status":"publish","type":"page","link":"https:\/\/chaletbreithorncervinia.com\/fr\/a-propos\/","title":{"rendered":"\u00c0 propos"},"content":{"rendered":"\t\t<div data-elementor-type=\"wp-page\" data-elementor-id=\"1057\" class=\"elementor elementor-1057 elementor-45\" data-elementor-post-type=\"page\">\n\t\t\t\t<div class=\"elementor-element elementor-element-392f036 elementor-hidden-desktop e-flex e-con-boxed e-con e-parent\" data-id=\"392f036\" data-element_type=\"container\">\n\t\t\t\t\t<div class=\"e-con-inner\">\n\t\t\t\t<div class=\"elementor-element elementor-element-8222850 elementor-hidden-desktop elementor-widget elementor-widget-template\" data-id=\"8222850\" data-element_type=\"widget\" data-widget_type=\"template.default\">\n\t\t\t\t<div class=\"elementor-widget-container\">\n\t\t\t\t\t\t\t<div class=\"elementor-template\">\n\t\t\t\t\t<div data-elementor-type=\"container\" data-elementor-id=\"462\" class=\"elementor elementor-462\" data-elementor-post-type=\"elementor_library\">\n\t\t\t\t<div class=\"elementor-element elementor-element-20d1191 elementor-hidden-desktop e-flex e-con-boxed e-con e-parent\" data-id=\"20d1191\" data-element_type=\"container\">\n\t\t\t\t\t<div class=\"e-con-inner\">\n\t\t\t\t<div class=\"elementor-element elementor-element-830e255 elementor-widget elementor-widget-theme-site-logo elementor-widget-image\" data-id=\"830e255\" data-element_type=\"widget\" data-widget_type=\"theme-site-logo.default\">\n\t\t\t\t<div class=\"elementor-widget-container\">\n\t\t\t\t\t\t\t\t\t\t\t<a href=\"https:\/\/chaletbreithorncervinia.com\/fr\/\">\n\t\t\t<img decoding=\"async\" width=\"292\" height=\"113\" src=\"https:\/\/chaletbreithorncervinia.com\/wp-content\/uploads\/chalet_breithorn_logo_full.svg\" class=\"attachment-full size-full wp-image-68\" alt=\"\" \/>\t\t\t\t<\/a>\n\t\t\t\t\t\t\t\t\t\t\t<\/div>\n\t\t\t\t<\/div>\n\t\t\t\t\t<\/div>\n\t\t\t\t<\/div>\n\t\t\t\t<\/div>\n\t\t\t\t<\/div>\n\t\t\t\t\t\t<\/div>\n\t\t\t\t<\/div>\n\t\t\t\t\t<\/div>\n\t\t\t\t<\/div>\n\t\t<div class=\"elementor-element elementor-element-9a47490 e-con-full e-flex e-con e-parent\" data-id=\"9a47490\" data-element_type=\"container\">\n\t\t<div class=\"elementor-element elementor-element-9c74583 e-con-full e-flex e-con e-child\" data-id=\"9c74583\" data-element_type=\"container\" data-settings=\"{&quot;background_background&quot;:&quot;classic&quot;}\">\n\t\t<div class=\"elementor-element elementor-element-9d36db3 e-con-full e-flex e-con e-child\" data-id=\"9d36db3\" data-element_type=\"container\">\n\t\t\t\t<div class=\"elementor-element elementor-element-8b7b969 elementor-widget elementor-widget-heading\" data-id=\"8b7b969\" data-element_type=\"widget\" data-widget_type=\"heading.default\">\n\t\t\t\t<div class=\"elementor-widget-container\">\n\t\t\t\t\t<h1 class=\"elementor-heading-title elementor-size-default\">\u00c0 PROPOS<br>DU CHALET<\/h1>\t\t\t\t<\/div>\n\t\t\t\t<\/div>\n\t\t\t\t<div class=\"elementor-element elementor-element-acd2e17 elementor-widget__width-initial elementor-widget elementor-widget-text-editor\" data-id=\"acd2e17\" data-element_type=\"widget\" data-widget_type=\"text-editor.default\">\n\t\t\t\t<div class=\"elementor-widget-container\">\n\t\t\t\t\t\t\t\t\t<p>Bienvenue au Chalet Breithorn, un havre de <strong>sophistication et de s\u00e9r\u00e9nit\u00e9<\/strong> nich\u00e9 au <strong>c\u0153ur de Cervinia<\/strong>. Notre chalet ultra-luxueux offre une escapade alpine inoubliable \u00e0 ceux qui recherchent le summum du confort, du style et du service. Situ\u00e9 au pied du mythique Cervin, notre chalet combine vues imprenables, \u00e9l\u00e9gance in\u00e9gal\u00e9e et prestations modernes raffin\u00e9es pour cr\u00e9er une atmosph\u00e8re d\u2019indulgence absolue.  <\/p><p>Con\u00e7u avec une attention m\u00e9ticuleuse aux d\u00e9tails, le Chalet Breithorn marie <strong>charme alpin traditionnel<\/strong> et <strong>sophistication contemporaine<\/strong>. Les int\u00e9rieurs mettent en <strong>valeur des boiseries artisanales<\/strong>, des meubles luxueux et de larges fen\u00eatres offrant lumi\u00e8re naturelle et vues panoramiques sur les sommets enneig\u00e9s. Chaque pi\u00e8ce est un sanctuaire, avec des volumes g\u00e9n\u00e9reux, des tissus somptueux et des finitions haut de gamme qui \u00e9l\u00e8vent votre s\u00e9jour \u00e0 un niveau d\u2019exception. <\/p>\t\t\t\t\t\t\t\t<\/div>\n\t\t\t\t<\/div>\n\t\t\t\t<\/div>\n\t\t\t\t<\/div>\n\t\t<div class=\"elementor-element elementor-element-42b6565 e-con-full e-flex e-con e-child\" data-id=\"42b6565\" data-element_type=\"container\" data-settings=\"{&quot;background_background&quot;:&quot;classic&quot;}\">\n\t\t\t\t<\/div>\n\t\t\t\t<\/div>\n\t\t<div class=\"elementor-element elementor-element-10e8015 e-con-full e-flex e-con e-parent\" data-id=\"10e8015\" data-element_type=\"container\">\n\t\t<div class=\"elementor-element elementor-element-d770d0c e-con-full e-flex e-con e-child\" data-id=\"d770d0c\" data-element_type=\"container\" data-settings=\"{&quot;background_background&quot;:&quot;classic&quot;}\">\n\t\t<div class=\"elementor-element elementor-element-52dcdb2 e-con-full e-flex e-con e-child\" data-id=\"52dcdb2\" data-element_type=\"container\" data-settings=\"{&quot;background_background&quot;:&quot;classic&quot;}\">\n\t\t\t\t<\/div>\n\t\t<div class=\"elementor-element elementor-element-c2c0048 e-con-full e-flex e-con e-child\" data-id=\"c2c0048\" data-element_type=\"container\">\n\t\t\t\t<div class=\"elementor-element elementor-element-3013954 elementor-widget elementor-widget-text-editor\" data-id=\"3013954\" data-element_type=\"widget\" data-widget_type=\"text-editor.default\">\n\t\t\t\t<div class=\"elementor-widget-container\">\n\t\t\t\t\t\t\t\t\tCon\u00e7u avec une attention impeccable aux d\u00e9tails, le Chalet Breithorn marie charme alpin traditionnel et sophistication contemporaine.\t\t\t\t\t\t\t\t<\/div>\n\t\t\t\t<\/div>\n\t\t\t\t<div class=\"elementor-element elementor-element-2a603fb elementor-mobile-align-center elementor-widget elementor-widget-button\" data-id=\"2a603fb\" data-element_type=\"widget\" data-widget_type=\"button.default\">\n\t\t\t\t<div class=\"elementor-widget-container\">\n\t\t\t\t\t\t\t\t\t<div class=\"elementor-button-wrapper\">\n\t\t\t\t\t<a class=\"elementor-button elementor-button-link elementor-size-sm\" href=\"https:\/\/chaletbreithorncervinia.com\/fr\/suites\/\">\n\t\t\t\t\t\t<span class=\"elementor-button-content-wrapper\">\n\t\t\t\t\t\t\t\t\t<span class=\"elementor-button-text\">D\u00c9COUVREZ LES SUITES<\/span>\n\t\t\t\t\t<\/span>\n\t\t\t\t\t<\/a>\n\t\t\t\t<\/div>\n\t\t\t\t\t\t\t\t<\/div>\n\t\t\t\t<\/div>\n\t\t\t\t<\/div>\n\t\t\t\t<\/div>\n\t\t<div class=\"elementor-element elementor-element-a646457 e-con-full e-flex e-con e-child\" data-id=\"a646457\" data-element_type=\"container\" data-settings=\"{&quot;background_background&quot;:&quot;classic&quot;}\">\n\t\t<div class=\"elementor-element elementor-element-02153d1 e-con-full e-flex e-con e-child\" data-id=\"02153d1\" data-element_type=\"container\" data-settings=\"{&quot;background_background&quot;:&quot;classic&quot;}\">\n\t\t\t\t<\/div>\n\t\t<div class=\"elementor-element elementor-element-5a707df e-con-full e-flex e-con e-child\" data-id=\"5a707df\" data-element_type=\"container\">\n\t\t\t\t<div class=\"elementor-element elementor-element-4ba1042 elementor-widget elementor-widget-text-editor\" data-id=\"4ba1042\" data-element_type=\"widget\" data-widget_type=\"text-editor.default\">\n\t\t\t\t<div class=\"elementor-widget-container\">\n\t\t\t\t\t\t\t\t\tLe Chalet Breithorn promet une exp\u00e9rience unique o\u00f9 luxe et spectacle se rencontrent au sommet.\t\t\t\t\t\t\t\t<\/div>\n\t\t\t\t<\/div>\n\t\t\t\t<div class=\"elementor-element elementor-element-59dfe69 elementor-mobile-align-center elementor-widget elementor-widget-button\" data-id=\"59dfe69\" data-element_type=\"widget\" data-widget_type=\"button.default\">\n\t\t\t\t<div class=\"elementor-widget-container\">\n\t\t\t\t\t\t\t\t\t<div class=\"elementor-button-wrapper\">\n\t\t\t\t\t<a class=\"elementor-button elementor-button-link elementor-size-sm\" href=\"https:\/\/chaletbreithorncervinia.com\/fr\/services\/\">\n\t\t\t\t\t\t<span class=\"elementor-button-content-wrapper\">\n\t\t\t\t\t\t\t\t\t<span class=\"elementor-button-text\">D\u00c9COUVREZ NOS SERVICES<\/span>\n\t\t\t\t\t<\/span>\n\t\t\t\t\t<\/a>\n\t\t\t\t<\/div>\n\t\t\t\t\t\t\t\t<\/div>\n\t\t\t\t<\/div>\n\t\t\t\t<\/div>\n\t\t\t\t<\/div>\n\t\t\t\t<\/div>\n\t\t<div class=\"elementor-element elementor-element-eb96696 e-con-full e-flex e-con e-parent\" data-id=\"eb96696\" data-element_type=\"container\">\n\t\t<div class=\"elementor-element elementor-element-c31caf7 e-con-full e-flex e-con e-child\" data-id=\"c31caf7\" data-element_type=\"container\" data-settings=\"{&quot;background_background&quot;:&quot;classic&quot;}\">\n\t\t\t\t<\/div>\n\t\t<div class=\"elementor-element elementor-element-10c02e7 e-con-full e-flex e-con e-child\" data-id=\"10c02e7\" data-element_type=\"container\" data-settings=\"{&quot;background_background&quot;:&quot;classic&quot;}\">\n\t\t<div class=\"elementor-element elementor-element-a6a139c e-con-full e-flex e-con e-child\" data-id=\"a6a139c\" data-element_type=\"container\">\n\t\t\t\t<div class=\"elementor-element elementor-element-3f13367 elementor-widget elementor-widget-heading\" data-id=\"3f13367\" data-element_type=\"widget\" data-widget_type=\"heading.default\">\n\t\t\t\t<div class=\"elementor-widget-container\">\n\t\t\t\t\t<h2 class=\"elementor-heading-title elementor-size-default\">\u00c0 PROPOS<br>DE NOUS<\/h2>\t\t\t\t<\/div>\n\t\t\t\t<\/div>\n\t\t\t\t<div class=\"elementor-element elementor-element-68bcb1e elementor-widget__width-initial elementor-widget elementor-widget-text-editor\" data-id=\"68bcb1e\" data-element_type=\"widget\" data-widget_type=\"text-editor.default\">\n\t\t\t\t<div class=\"elementor-widget-container\">\n\t\t\t\t\t\t\t\t\t<p>Notre \u00e9quipe est enti\u00e8rement d\u00e9di\u00e9e \u00e0 faire de votre s\u00e9jour une exp\u00e9rience au-del\u00e0 de vos attentes. De la <strong>r\u00e9servation d\u2019instructeurs<\/strong> de ski priv\u00e9s \u00e0 l\u2019organisation de sorties en h\u00e9liski, en passant par des <strong>exp\u00e9riences gastronomiques sur mesure<\/strong> et un apr\u00e8s-ski exceptionnel, aucun souhait n\u2019est trop ambitieux. Que vous vous relaxiez dans notre spa, d\u00e9gustiez un vin en priv\u00e9 ou vous reposiez au coin du feu, chaque instant au Chalet Breithorn est <strong>pens\u00e9 pour la d\u00e9tente et le plaisir<\/strong>.  <\/p><p>Venez d\u00e9couvrir l\u2019essence du v\u00e9ritable luxe alpin, o\u00f9 la beaut\u00e9 intemporelle rencontre le confort moderne, et laissez-nous cr\u00e9er l\u2019escapade parfaite \u00e0 Cervinia.<\/p><p>Chalet Breithorn \u2013 O\u00f9 l\u2019\u00e9l\u00e9gance rencontre la montagne.<\/p>\t\t\t\t\t\t\t\t<\/div>\n\t\t\t\t<\/div>\n\t\t\t\t<\/div>\n\t\t\t\t<\/div>\n\t\t\t\t<\/div>\n\t\t<div class=\"elementor-element elementor-element-aa13974 e-con-full e-flex e-con e-parent\" data-id=\"aa13974\" data-element_type=\"container\">\n\t\t<div class=\"elementor-element elementor-element-b856b77 e-con-full e-flex e-con e-child\" data-id=\"b856b77\" data-element_type=\"container\" data-settings=\"{&quot;background_background&quot;:&quot;classic&quot;}\">\n\t\t<div class=\"elementor-element elementor-element-0987452 e-con-full e-flex e-con e-child\" data-id=\"0987452\" data-element_type=\"container\">\n\t\t\t\t<div class=\"elementor-element elementor-element-88ee714 elementor-widget elementor-widget-text-editor\" data-id=\"88ee714\" data-element_type=\"widget\" data-widget_type=\"text-editor.default\">\n\t\t\t\t<div class=\"elementor-widget-container\">\n\t\t\t\t\t\t\t\t\tLe Chalet Breithorn est nich\u00e9 au c\u0153ur de Breuil-Cervinia, l\u2019une des stations d\u2019altitude les plus embl\u00e9matiques des Alpes italiennes.\t\t\t\t\t\t\t\t<\/div>\n\t\t\t\t<\/div>\n\t\t\t\t<div class=\"elementor-element elementor-element-7bfd19f elementor-mobile-align-center elementor-widget elementor-widget-button\" data-id=\"7bfd19f\" data-element_type=\"widget\" data-widget_type=\"button.default\">\n\t\t\t\t<div class=\"elementor-widget-container\">\n\t\t\t\t\t\t\t\t\t<div class=\"elementor-button-wrapper\">\n\t\t\t\t\t<a class=\"elementor-button elementor-button-link elementor-size-sm\" href=\"https:\/\/chaletbreithorncervinia.com\/fr\/localisation\/\">\n\t\t\t\t\t\t<span class=\"elementor-button-content-wrapper\">\n\t\t\t\t\t\t\t\t\t<span class=\"elementor-button-text\">TOUT SUR CERVINIA<\/span>\n\t\t\t\t\t<\/span>\n\t\t\t\t\t<\/a>\n\t\t\t\t<\/div>\n\t\t\t\t\t\t\t\t<\/div>\n\t\t\t\t<\/div>\n\t\t\t\t<\/div>\n\t\t<div class=\"elementor-element elementor-element-2684ee6 e-con-full e-flex e-con e-child\" data-id=\"2684ee6\" data-element_type=\"container\" data-settings=\"{&quot;background_background&quot;:&quot;classic&quot;}\">\n\t\t\t\t<\/div>\n\t\t\t\t<\/div>\n\t\t<div class=\"elementor-element elementor-element-0edb59f e-con-full e-flex e-con e-child\" data-id=\"0edb59f\" data-element_type=\"container\" data-settings=\"{&quot;background_background&quot;:&quot;classic&quot;}\">\n\t\t<div class=\"elementor-element elementor-element-ad3a125 e-con-full e-flex e-con e-child\" data-id=\"ad3a125\" data-element_type=\"container\">\n\t\t\t\t<div class=\"elementor-element elementor-element-6661568 elementor-widget elementor-widget-text-editor\" data-id=\"6661568\" data-element_type=\"widget\" data-widget_type=\"text-editor.default\">\n\t\t\t\t<div class=\"elementor-widget-container\">\n\t\t\t\t\t\t\t\t\tDes volumes spacieux, des tissus somptueux, des boiseries artisanales et un mobilier luxueux \u00e9l\u00e8veront votre s\u00e9jour \u00e0 des sommets d\u2019exception.\t\t\t\t\t\t\t\t<\/div>\n\t\t\t\t<\/div>\n\t\t\t\t<div class=\"elementor-element elementor-element-fded0c6 elementor-mobile-align-center elementor-widget elementor-widget-button\" data-id=\"fded0c6\" data-element_type=\"widget\" data-widget_type=\"button.default\">\n\t\t\t\t<div class=\"elementor-widget-container\">\n\t\t\t\t\t\t\t\t\t<div class=\"elementor-button-wrapper\">\n\t\t\t\t\t<a class=\"elementor-button elementor-button-link elementor-size-sm\" href=\"https:\/\/chaletbreithorncervinia.com\/fr\/gallery\/\">\n\t\t\t\t\t\t<span class=\"elementor-button-content-wrapper\">\n\t\t\t\t\t\t\t\t\t<span class=\"elementor-button-text\">VOIR LA GALERIE<\/span>\n\t\t\t\t\t<\/span>\n\t\t\t\t\t<\/a>\n\t\t\t\t<\/div>\n\t\t\t\t\t\t\t\t<\/div>\n\t\t\t\t<\/div>\n\t\t\t\t<\/div>\n\t\t<div class=\"elementor-element elementor-element-899ad3f e-con-full e-flex e-con e-child\" data-id=\"899ad3f\" data-element_type=\"container\" data-settings=\"{&quot;background_background&quot;:&quot;classic&quot;}\">\n\t\t\t\t<\/div>\n\t\t\t\t<\/div>\n\t\t\t\t<\/div>\n\t\t<div class=\"elementor-element elementor-element-85364e1 e-con-full e-flex e-con e-parent\" data-id=\"85364e1\" data-element_type=\"container\">\n\t\t<div class=\"elementor-element elementor-element-9d79f24 e-con-full e-flex e-con e-child\" data-id=\"9d79f24\" data-element_type=\"container\" data-settings=\"{&quot;background_background&quot;:&quot;classic&quot;}\">\n\t\t<div class=\"elementor-element elementor-element-6cc421e e-con-full e-flex e-con e-child\" data-id=\"6cc421e\" data-element_type=\"container\">\n\t\t\t\t<div class=\"elementor-element elementor-element-db93b0c elementor-widget elementor-widget-heading\" data-id=\"db93b0c\" data-element_type=\"widget\" data-widget_type=\"heading.default\">\n\t\t\t\t<div class=\"elementor-widget-container\">\n\t\t\t\t\t<h2 class=\"elementor-heading-title elementor-size-default\">CR\u00c9\u00c9 PAR <\/br>\nDES PASSIONN\u00c9S DE SKI<\/h2>\t\t\t\t<\/div>\n\t\t\t\t<\/div>\n\t\t\t\t<div class=\"elementor-element elementor-element-14a2734 elementor-widget__width-initial elementor-widget elementor-widget-text-editor\" data-id=\"14a2734\" data-element_type=\"widget\" data-widget_type=\"text-editor.default\">\n\t\t\t\t<div class=\"elementor-widget-container\">\n\t\t\t\t\t\t\t\t\t<p>La station de ski Zermatt-Cervinia est une <strong>destination incontournable<\/strong> pour les amateurs de sports d\u2019hiver, avec des pistes de renomm\u00e9e mondiale, des panoramas spectaculaires et des villages de montagne authentiques. En hiver comme en \u00e9t\u00e9, elle propose des exp\u00e9riences exceptionnelles gr\u00e2ce \u00e0 une <strong>neige de qualit\u00e9 irr\u00e9prochable<\/strong>. Plus haute station d\u2019Europe, Zermatt-Cervinia est c\u00e9l\u00e8bre pour son enneigement constant, garantissant des <strong>conditions optimales<\/strong> tout au long de l\u2019hiver, et m\u00eame en \u00e9t\u00e9, gr\u00e2ce au glacier qui permet de skier \u00e0 tr\u00e8s haute altitude. Les visiteurs peuvent monter jusqu\u2019\u00e0 3900 m\u00e8tres pour vivre une exp\u00e9rience hors du commun.  <\/p>\t\t\t\t\t\t\t\t<\/div>\n\t\t\t\t<\/div>\n\t\t\t\t<\/div>\n\t\t\t\t<\/div>\n\t\t<div class=\"elementor-element elementor-element-8389e60 e-con-full e-flex e-con e-child\" data-id=\"8389e60\" data-element_type=\"container\" data-settings=\"{&quot;background_background&quot;:&quot;classic&quot;}\">\n\t\t\t\t<\/div>\n\t\t\t\t<\/div>\n\t\t<div class=\"elementor-element elementor-element-902ec11 e-flex e-con-boxed e-con e-parent\" data-id=\"902ec11\" data-element_type=\"container\" data-settings=\"{&quot;background_background&quot;:&quot;classic&quot;}\">\n\t\t\t\t\t<div class=\"e-con-inner\">\n\t\t\t\t<div class=\"elementor-element elementor-element-c9f3cad elementor-widget-mobile__width-initial elementor-widget elementor-widget-heading\" data-id=\"c9f3cad\" data-element_type=\"widget\" data-widget_type=\"heading.default\">\n\t\t\t\t<div class=\"elementor-widget-container\">\n\t\t\t\t\t<h2 class=\"elementor-heading-title elementor-size-default\">LAISSEZ-NOUS RENDRE VOTRE <\/BR>S\u00c9JOUR INOUBLIABLE<\/h2>\t\t\t\t<\/div>\n\t\t\t\t<\/div>\n\t\t\t\t<div class=\"elementor-element elementor-element-71be0c5 elementor-align-center elementor-widget elementor-widget-button\" data-id=\"71be0c5\" data-element_type=\"widget\" data-widget_type=\"button.default\">\n\t\t\t\t<div class=\"elementor-widget-container\">\n\t\t\t\t\t\t\t\t\t<div class=\"elementor-button-wrapper\">\n\t\t\t\t\t<a class=\"elementor-button elementor-button-link elementor-size-sm\" href=\"https:\/\/chaletbreithorncervinia.com\/fr\/contactez-nous\/\">\n\t\t\t\t\t\t<span class=\"elementor-button-content-wrapper\">\n\t\t\t\t\t\t\t\t\t<span class=\"elementor-button-text\">CONTACTEZ-NOUS<\/span>\n\t\t\t\t\t<\/span>\n\t\t\t\t\t<\/a>\n\t\t\t\t<\/div>\n\t\t\t\t\t\t\t\t<\/div>\n\t\t\t\t<\/div>\n\t\t\t\t\t<\/div>\n\t\t\t\t<\/div>\n\t\t<div class=\"elementor-element elementor-element-3923618 e-flex e-con-boxed e-con e-parent\" data-id=\"3923618\" data-element_type=\"container\" data-settings=\"{&quot;background_background&quot;:&quot;classic&quot;}\">\n\t\t\t\t\t<div class=\"e-con-inner\">\n\t\t\t\t<div class=\"elementor-element elementor-element-0d2ade8 elementor-widget-mobile__width-initial elementor-widget elementor-widget-heading\" data-id=\"0d2ade8\" data-element_type=\"widget\" data-widget_type=\"heading.default\">\n\t\t\t\t<div class=\"elementor-widget-container\">\n\t\t\t\t\t<h5 class=\"elementor-heading-title elementor-size-default\">VOUS AIMEZ L\u2019AMBIANCE DE LA MONTAGNE?<\/br> SUIVEZ-NOUS POUR ENCORE PLUS.<\/h5>\t\t\t\t<\/div>\n\t\t\t\t<\/div>\n\t\t\t\t<div class=\"elementor-element elementor-element-058b346 elementor-shape-circle elementor-grid-0 e-grid-align-center elementor-widget elementor-widget-social-icons\" data-id=\"058b346\" data-element_type=\"widget\" data-widget_type=\"social-icons.default\">\n\t\t\t\t<div class=\"elementor-widget-container\">\n\t\t\t\t\t\t\t<div class=\"elementor-social-icons-wrapper elementor-grid\" role=\"list\">\n\t\t\t\t\t\t\t<span class=\"elementor-grid-item\" role=\"listitem\">\n\t\t\t\t\t<a class=\"elementor-icon elementor-social-icon elementor-social-icon- elementor-repeater-item-583b65c\" href=\"https:\/\/www.instagram.com\/chaletbreithorn\/\" target=\"_blank\">\n\t\t\t\t\t\t<span class=\"elementor-screen-only\"><\/span>\n\t\t\t\t\t\t<svg xmlns=\"http:\/\/www.w3.org\/2000\/svg\" width=\"22\" height=\"22\" viewBox=\"0 0 22 22\" fill=\"none\"><g clip-path=\"url(#clip0_342_99)\"><path d=\"M16 1H6C3.23858 1 1 3.23858 1 6V16C1 18.7614 3.23858 21 6 21H16C18.7614 21 21 18.7614 21 16V6C21 3.23858 18.7614 1 16 1Z\" stroke=\"white\" stroke-linecap=\"round\" stroke-linejoin=\"round\"><\/path><path d=\"M16.1051 10.5543C16.2698 11.6647 16.0801 12.7989 15.5631 13.7953C15.046 14.7917 14.228 15.5998 13.2252 16.1045C12.2225 16.6092 11.0861 16.7849 9.97777 16.6065C8.86943 16.4282 7.84555 15.9049 7.05175 15.1111C6.25795 14.3173 5.73466 13.2934 5.55632 12.1851C5.37797 11.0767 5.55364 9.94038 6.05835 8.93763C6.56306 7.93488 7.37111 7.11681 8.36755 6.59978C9.364 6.08274 10.4981 5.89307 11.6086 6.05774C12.7413 6.2257 13.7899 6.75352 14.5996 7.56322C15.4093 8.37293 15.9371 9.42158 16.1051 10.5543Z\" stroke=\"white\" stroke-linecap=\"round\" stroke-linejoin=\"round\"><\/path><path d=\"M17 5H17.01\" stroke=\"white\" stroke-width=\"2\" stroke-linecap=\"round\" stroke-linejoin=\"round\"><\/path><\/g><defs><clipPath id=\"clip0_342_99\"><rect width=\"22\" height=\"22\" fill=\"none\"><\/rect><\/clipPath><\/defs><\/svg>\t\t\t\t\t<\/a>\n\t\t\t\t<\/span>\n\t\t\t\t\t\t\t<span class=\"elementor-grid-item\" role=\"listitem\">\n\t\t\t\t\t<a class=\"elementor-icon elementor-social-icon elementor-social-icon- elementor-repeater-item-78262b7\" href=\"https:\/\/www.facebook.com\/profile.php?id=61577983024115\" target=\"_blank\">\n\t\t\t\t\t\t<span class=\"elementor-screen-only\"><\/span>\n\t\t\t\t\t\t<svg xmlns=\"http:\/\/www.w3.org\/2000\/svg\" width=\"22\" height=\"22\" viewBox=\"0 0 22 22\" fill=\"none\"><g clip-path=\"url(#clip0_342_103)\"><path d=\"M14.3915 4.58325H12.4665C11.6156 4.58325 10.7996 4.92127 10.1979 5.52294C9.59625 6.12462 9.25823 6.94066 9.25823 7.79155V9.71654H7.33325V12.2832H9.25823V17.4165H11.8249V12.2832H13.7499L14.3915 9.71654H11.8249V7.79155C11.8249 7.62138 11.8925 7.45817 12.0128 7.33783C12.1331 7.2175 12.2964 7.14989 12.4665 7.14989H14.3915V4.58325Z\" stroke=\"white\" stroke-linecap=\"round\" stroke-linejoin=\"round\"><\/path><circle cx=\"11.0001\" cy=\"11.0001\" r=\"10.0833\" stroke=\"white\"><\/circle><\/g><defs><clipPath id=\"clip0_342_103\"><rect width=\"22\" height=\"22\" fill=\"none\"><\/rect><\/clipPath><\/defs><\/svg>\t\t\t\t\t<\/a>\n\t\t\t\t<\/span>\n\t\t\t\t\t<\/div>\n\t\t\t\t\t\t<\/div>\n\t\t\t\t<\/div>\n\t\t\t\t\t<\/div>\n\t\t\t\t<\/div>\n\t\t\t\t<\/div>\n\t\t","protected":false},"excerpt":{"rendered":"<p>\u00c0 PROPOSDU CHALET Bienvenue au Chalet Breithorn, un havre de sophistication et de s\u00e9r\u00e9nit\u00e9 nich\u00e9 au c\u0153ur de Cervinia. Notre chalet ultra-luxueux offre une escapade alpine inoubliable \u00e0 ceux qui recherchent le summum du confort, du style et du service. Situ\u00e9 au pied du mythique Cervin, notre chalet combine vues imprenables, \u00e9l\u00e9gance in\u00e9gal\u00e9e et prestations [&hellip;]<\/p>\n","protected":false},"author":2,"featured_media":0,"parent":0,"menu_order":0,"comment_status":"closed","ping_status":"closed","template":"","meta":{"_acf_changed":false,"footnotes":""},"class_list":["post-1057","page","type-page","status-publish","hentry"],"acf":[],"_links":{"self":[{"href":"https:\/\/chaletbreithorncervinia.com\/fr\/wp-json\/wp\/v2\/pages\/1057","targetHints":{"allow":["GET"]}}],"collection":[{"href":"https:\/\/chaletbreithorncervinia.com\/fr\/wp-json\/wp\/v2\/pages"}],"about":[{"href":"https:\/\/chaletbreithorncervinia.com\/fr\/wp-json\/wp\/v2\/types\/page"}],"author":[{"embeddable":true,"href":"https:\/\/chaletbreithorncervinia.com\/fr\/wp-json\/wp\/v2\/users\/2"}],"replies":[{"embeddable":true,"href":"https:\/\/chaletbreithorncervinia.com\/fr\/wp-json\/wp\/v2\/comments?post=1057"}],"version-history":[{"count":9,"href":"https:\/\/chaletbreithorncervinia.com\/fr\/wp-json\/wp\/v2\/pages\/1057\/revisions"}],"predecessor-version":[{"id":1314,"href":"https:\/\/chaletbreithorncervinia.com\/fr\/wp-json\/wp\/v2\/pages\/1057\/revisions\/1314"}],"wp:attachment":[{"href":"https:\/\/chaletbreithorncervinia.com\/fr\/wp-json\/wp\/v2\/media?parent=1057"}],"curies":[{"name":"wp","href":"https:\/\/api.w.org\/{rel}","templated":true}]}}