{"id":1060,"date":"2025-06-09T09:17:13","date_gmt":"2025-06-09T09:17:13","guid":{"rendered":"https:\/\/chaletbreithorncervinia.com\/contactez-nous\/"},"modified":"2025-12-15T11:28:34","modified_gmt":"2025-12-15T11:28:34","slug":"contactez-nous","status":"publish","type":"page","link":"https:\/\/chaletbreithorncervinia.com\/fr\/contactez-nous\/","title":{"rendered":"Contact"},"content":{"rendered":"\t\t<div data-elementor-type=\"wp-page\" data-elementor-id=\"1060\" class=\"elementor elementor-1060 elementor-56\" data-elementor-post-type=\"page\">\n\t\t\t\t<div class=\"elementor-element elementor-element-e3ca6cc elementor-hidden-desktop e-flex e-con-boxed e-con e-parent\" data-id=\"e3ca6cc\" data-element_type=\"container\">\n\t\t\t\t\t<div class=\"e-con-inner\">\n\t\t\t\t<div class=\"elementor-element elementor-element-d5f61a1 elementor-hidden-desktop elementor-widget elementor-widget-template\" data-id=\"d5f61a1\" data-element_type=\"widget\" data-widget_type=\"template.default\">\n\t\t\t\t<div class=\"elementor-widget-container\">\n\t\t\t\t\t\t\t<div class=\"elementor-template\">\n\t\t\t\t\t<div data-elementor-type=\"container\" data-elementor-id=\"462\" class=\"elementor elementor-462\" data-elementor-post-type=\"elementor_library\">\n\t\t\t\t<div class=\"elementor-element elementor-element-20d1191 elementor-hidden-desktop e-flex e-con-boxed e-con e-parent\" data-id=\"20d1191\" data-element_type=\"container\">\n\t\t\t\t\t<div class=\"e-con-inner\">\n\t\t\t\t<div class=\"elementor-element elementor-element-830e255 elementor-widget elementor-widget-theme-site-logo elementor-widget-image\" data-id=\"830e255\" data-element_type=\"widget\" data-widget_type=\"theme-site-logo.default\">\n\t\t\t\t<div class=\"elementor-widget-container\">\n\t\t\t\t\t\t\t\t\t\t\t<a href=\"https:\/\/chaletbreithorncervinia.com\/fr\/\">\n\t\t\t<img decoding=\"async\" width=\"292\" height=\"113\" src=\"https:\/\/chaletbreithorncervinia.com\/wp-content\/uploads\/chalet_breithorn_logo_full.svg\" class=\"attachment-full size-full wp-image-68\" alt=\"\" \/>\t\t\t\t<\/a>\n\t\t\t\t\t\t\t\t\t\t\t<\/div>\n\t\t\t\t<\/div>\n\t\t\t\t\t<\/div>\n\t\t\t\t<\/div>\n\t\t\t\t<\/div>\n\t\t\t\t<\/div>\n\t\t\t\t\t\t<\/div>\n\t\t\t\t<\/div>\n\t\t\t\t\t<\/div>\n\t\t\t\t<\/div>\n\t\t<div class=\"elementor-element elementor-element-b09b55c e-con-full e-flex e-con e-parent\" data-id=\"b09b55c\" data-element_type=\"container\">\n\t\t<div class=\"elementor-element elementor-element-8c2dbb7 e-con-full e-flex e-con e-child\" data-id=\"8c2dbb7\" data-element_type=\"container\" data-settings=\"{&quot;background_background&quot;:&quot;classic&quot;}\">\n\t\t<div class=\"elementor-element elementor-element-7eaee68 e-con-full e-flex e-con e-child\" data-id=\"7eaee68\" data-element_type=\"container\">\n\t\t\t\t<div class=\"elementor-element elementor-element-5f2aed5 elementor-widget elementor-widget-heading\" data-id=\"5f2aed5\" data-element_type=\"widget\" data-widget_type=\"heading.default\">\n\t\t\t\t<div class=\"elementor-widget-container\">\n\t\t\t\t\t<h1 class=\"elementor-heading-title elementor-size-default\">CONTACTEZ<br>-NOUS<\/h1>\t\t\t\t<\/div>\n\t\t\t\t<\/div>\n\t\t\t\t<div class=\"elementor-element elementor-element-7e28094 elementor-widget elementor-widget-html\" data-id=\"7e28094\" data-element_type=\"widget\" data-widget_type=\"html.default\">\n\t\t\t\t<div class=\"elementor-widget-container\">\n\t\t\t\t\t<!-- Richiesta Chalet Breithorn (pagina contatti) con redirect -->\n<bn-dynform-request id=\"BN-dynform-v3--request\" data-dynform_code=\"BN-dynform-v3__request\" data-widget-id=\"736\">\n<\/bn-dynform-request>\n\n<script id=\"BN-dynform-v3-js\" src=\"https:\/\/admin.ehotelier.it\/js\/dynform-v3\/v3.0\/dynform.js\" defer><\/script>\n\n<script>\n  \/\/ Rilevamento automatico lingua\n  var userLang = document.documentElement.lang || navigator.language || 'en';\n\n  if (userLang.startsWith('fr')) {\n    userLang = 'fr';\n  } else if (userLang.startsWith('en')) {\n    userLang = 'en';\n  } else {\n    userLang = 'it';\n  }\n\n  \/\/ Mappa dei redirect\n  var thankYouRedirects = {\n    'it': 'https:\/\/chaletbreithorncervinia.com\/it\/grazie\/',\n    'fr': 'https:\/\/chaletbreithorncervinia.com\/fr\/merci\/',\n    'en': 'https:\/\/chaletbreithorncervinia.com\/thank-you\/'\n  };\n\n  var configRequest = {\n    preset: 'BN-dynform-v3__request\/default',\n    version: '3.0',\n    lang: userLang,\n    onSuccess: function () {\n      window.location.href = thankYouRedirects[userLang];\n    }\n  };\n\n  document.querySelector(\"#BN-dynform-v3-js\").addEventListener(\"load\", () => {\n    window.BN.DynFormsV3.init(\n      document.querySelector('#BN-dynform-v3--request'),\n      configRequest\n    );\n  });\n<\/script>\n\t\t\t\t<\/div>\n\t\t\t\t<\/div>\n\t\t\t\t<\/div>\n\t\t\t\t<\/div>\n\t\t<div class=\"elementor-element elementor-element-70c3ada e-con-full e-flex e-con e-child\" data-id=\"70c3ada\" data-element_type=\"container\" data-settings=\"{&quot;background_background&quot;:&quot;classic&quot;}\">\n\t\t\t\t<\/div>\n\t\t\t\t<\/div>\n\t\t<div class=\"elementor-element elementor-element-0c6769b e-con-full e-flex e-con e-parent\" data-id=\"0c6769b\" data-element_type=\"container\">\n\t\t<div class=\"elementor-element elementor-element-452200a e-con-full e-flex e-con e-child\" data-id=\"452200a\" data-element_type=\"container\" data-settings=\"{&quot;background_background&quot;:&quot;classic&quot;}\">\n\t\t\t\t<div class=\"elementor-element elementor-element-876ecaf elementor-widget elementor-widget-google_maps\" data-id=\"876ecaf\" data-element_type=\"widget\" data-widget_type=\"google_maps.default\">\n\t\t\t\t<div class=\"elementor-widget-container\">\n\t\t\t\t\t\t\t<div class=\"elementor-custom-embed\">\n\t\t\t<iframe loading=\"lazy\"\n\t\t\t\t\tsrc=\"https:\/\/maps.google.com\/maps?q=Segnavia%2013EE%2C%2012%2C%2011028%20Valtournenche%20AO%2C%20Italy&#038;t=m&#038;z=18&#038;output=embed&#038;iwloc=near\"\n\t\t\t\t\ttitle=\"Segnavia 13EE, 12, 11028 Valtournenche AO, Italy\"\n\t\t\t\t\taria-label=\"Segnavia 13EE, 12, 11028 Valtournenche AO, Italy\"\n\t\t\t><\/iframe>\n\t\t<\/div>\n\t\t\t\t\t\t<\/div>\n\t\t\t\t<\/div>\n\t\t\t\t<\/div>\n\t\t<div class=\"elementor-element elementor-element-da1c646 e-con-full e-flex e-con e-child\" data-id=\"da1c646\" data-element_type=\"container\" data-settings=\"{&quot;background_background&quot;:&quot;classic&quot;}\">\n\t\t<div class=\"elementor-element elementor-element-4a1292c e-con-full e-flex e-con e-child\" data-id=\"4a1292c\" data-element_type=\"container\" data-settings=\"{&quot;background_background&quot;:&quot;classic&quot;}\">\n\t\t\t\t<div class=\"elementor-element elementor-element-f23053b elementor-widget__width-initial elementor-widget elementor-widget-text-editor\" data-id=\"f23053b\" data-element_type=\"widget\" data-widget_type=\"text-editor.default\">\n\t\t\t\t<div class=\"elementor-widget-container\">\n\t\t\t\t\t\t\t\t\tLe Chalet Breithorn se trouve \u00e0 seulement 5 minutes a pied du centre de Breuil-Cervinia. Il est situ\u00e9 \u00e0 1h30 de l\u2019a\u00e9roport de Turin et \u00e0 moins de 2h30 de l\u2019a\u00e9roport de Milan Malpensa. \t\t\t\t\t\t\t\t<\/div>\n\t\t\t\t<\/div>\n\t\t\t\t<div class=\"elementor-element elementor-element-753f4f9 elementor-mobile-align-center elementor-widget elementor-widget-button\" data-id=\"753f4f9\" data-element_type=\"widget\" data-widget_type=\"button.default\">\n\t\t\t\t<div class=\"elementor-widget-container\">\n\t\t\t\t\t\t\t\t\t<div class=\"elementor-button-wrapper\">\n\t\t\t\t\t<a class=\"elementor-button elementor-button-link elementor-size-sm\" href=\"https:\/\/maps.app.goo.gl\/nx44vdmbddJsDeHk7\">\n\t\t\t\t\t\t<span class=\"elementor-button-content-wrapper\">\n\t\t\t\t\t\t\t\t\t<span class=\"elementor-button-text\">OBTENIR L'ITIN\u00c9RAIRE<\/span>\n\t\t\t\t\t<\/span>\n\t\t\t\t\t<\/a>\n\t\t\t\t<\/div>\n\t\t\t\t\t\t\t\t<\/div>\n\t\t\t\t<\/div>\n\t\t\t\t<\/div>\n\t\t\t\t<\/div>\n\t\t\t\t<\/div>\n\t\t<div class=\"elementor-element elementor-element-129fc1e e-flex e-con-boxed e-con e-parent\" data-id=\"129fc1e\" data-element_type=\"container\" data-settings=\"{&quot;background_background&quot;:&quot;classic&quot;}\">\n\t\t\t\t\t<div class=\"e-con-inner\">\n\t\t\t\t<div class=\"elementor-element elementor-element-a547efb elementor-widget-mobile__width-initial elementor-widget elementor-widget-heading\" data-id=\"a547efb\" data-element_type=\"widget\" data-widget_type=\"heading.default\">\n\t\t\t\t<div class=\"elementor-widget-container\">\n\t\t\t\t\t<h5 class=\"elementor-heading-title elementor-size-default\">VOUS AIMEZ L\u2019AMBIANCE DE LA MONTAGNE?<\/br> SUIVEZ-NOUS POUR ENCORE PLUS.<\/h5>\t\t\t\t<\/div>\n\t\t\t\t<\/div>\n\t\t\t\t<div class=\"elementor-element elementor-element-065e976 elementor-shape-circle elementor-grid-0 e-grid-align-center elementor-widget elementor-widget-social-icons\" data-id=\"065e976\" data-element_type=\"widget\" data-widget_type=\"social-icons.default\">\n\t\t\t\t<div class=\"elementor-widget-container\">\n\t\t\t\t\t\t\t<div class=\"elementor-social-icons-wrapper elementor-grid\" role=\"list\">\n\t\t\t\t\t\t\t<span class=\"elementor-grid-item\" role=\"listitem\">\n\t\t\t\t\t<a class=\"elementor-icon elementor-social-icon elementor-social-icon- elementor-repeater-item-583b65c\" href=\"https:\/\/www.instagram.com\/chaletbreithorn\/\" target=\"_blank\">\n\t\t\t\t\t\t<span class=\"elementor-screen-only\"><\/span>\n\t\t\t\t\t\t<svg xmlns=\"http:\/\/www.w3.org\/2000\/svg\" width=\"22\" height=\"22\" viewBox=\"0 0 22 22\" fill=\"none\"><g clip-path=\"url(#clip0_342_99)\"><path d=\"M16 1H6C3.23858 1 1 3.23858 1 6V16C1 18.7614 3.23858 21 6 21H16C18.7614 21 21 18.7614 21 16V6C21 3.23858 18.7614 1 16 1Z\" stroke=\"white\" stroke-linecap=\"round\" stroke-linejoin=\"round\"><\/path><path d=\"M16.1051 10.5543C16.2698 11.6647 16.0801 12.7989 15.5631 13.7953C15.046 14.7917 14.228 15.5998 13.2252 16.1045C12.2225 16.6092 11.0861 16.7849 9.97777 16.6065C8.86943 16.4282 7.84555 15.9049 7.05175 15.1111C6.25795 14.3173 5.73466 13.2934 5.55632 12.1851C5.37797 11.0767 5.55364 9.94038 6.05835 8.93763C6.56306 7.93488 7.37111 7.11681 8.36755 6.59978C9.364 6.08274 10.4981 5.89307 11.6086 6.05774C12.7413 6.2257 13.7899 6.75352 14.5996 7.56322C15.4093 8.37293 15.9371 9.42158 16.1051 10.5543Z\" stroke=\"white\" stroke-linecap=\"round\" stroke-linejoin=\"round\"><\/path><path d=\"M17 5H17.01\" stroke=\"white\" stroke-width=\"2\" stroke-linecap=\"round\" stroke-linejoin=\"round\"><\/path><\/g><defs><clipPath id=\"clip0_342_99\"><rect width=\"22\" height=\"22\" fill=\"none\"><\/rect><\/clipPath><\/defs><\/svg>\t\t\t\t\t<\/a>\n\t\t\t\t<\/span>\n\t\t\t\t\t\t\t<span class=\"elementor-grid-item\" role=\"listitem\">\n\t\t\t\t\t<a class=\"elementor-icon elementor-social-icon elementor-social-icon- elementor-repeater-item-78262b7\" href=\"https:\/\/www.facebook.com\/profile.php?id=61577983024115\" target=\"_blank\">\n\t\t\t\t\t\t<span class=\"elementor-screen-only\"><\/span>\n\t\t\t\t\t\t<svg xmlns=\"http:\/\/www.w3.org\/2000\/svg\" width=\"22\" height=\"22\" viewBox=\"0 0 22 22\" fill=\"none\"><g clip-path=\"url(#clip0_342_103)\"><path d=\"M14.3915 4.58325H12.4665C11.6156 4.58325 10.7996 4.92127 10.1979 5.52294C9.59625 6.12462 9.25823 6.94066 9.25823 7.79155V9.71654H7.33325V12.2832H9.25823V17.4165H11.8249V12.2832H13.7499L14.3915 9.71654H11.8249V7.79155C11.8249 7.62138 11.8925 7.45817 12.0128 7.33783C12.1331 7.2175 12.2964 7.14989 12.4665 7.14989H14.3915V4.58325Z\" stroke=\"white\" stroke-linecap=\"round\" stroke-linejoin=\"round\"><\/path><circle cx=\"11.0001\" cy=\"11.0001\" r=\"10.0833\" stroke=\"white\"><\/circle><\/g><defs><clipPath id=\"clip0_342_103\"><rect width=\"22\" height=\"22\" fill=\"none\"><\/rect><\/clipPath><\/defs><\/svg>\t\t\t\t\t<\/a>\n\t\t\t\t<\/span>\n\t\t\t\t\t<\/div>\n\t\t\t\t\t\t<\/div>\n\t\t\t\t<\/div>\n\t\t\t\t\t<\/div>\n\t\t\t\t<\/div>\n\t\t\t\t<\/div>\n\t\t","protected":false},"excerpt":{"rendered":"<p>CONTACTEZ-NOUS Le Chalet Breithorn se trouve \u00e0 seulement 5 minutes a pied du centre de Breuil-Cervinia. Il est situ\u00e9 \u00e0 1h30 de l\u2019a\u00e9roport de Turin et \u00e0 moins de 2h30 de l\u2019a\u00e9roport de Milan Malpensa. OBTENIR L&rsquo;ITIN\u00c9RAIRE VOUS AIMEZ L\u2019AMBIANCE DE LA MONTAGNE? SUIVEZ-NOUS POUR ENCORE PLUS.<\/p>\n","protected":false},"author":2,"featured_media":0,"parent":0,"menu_order":0,"comment_status":"closed","ping_status":"closed","template":"","meta":{"_acf_changed":false,"footnotes":""},"class_list":["post-1060","page","type-page","status-publish","hentry"],"acf":[],"_links":{"self":[{"href":"https:\/\/chaletbreithorncervinia.com\/fr\/wp-json\/wp\/v2\/pages\/1060","targetHints":{"allow":["GET"]}}],"collection":[{"href":"https:\/\/chaletbreithorncervinia.com\/fr\/wp-json\/wp\/v2\/pages"}],"about":[{"href":"https:\/\/chaletbreithorncervinia.com\/fr\/wp-json\/wp\/v2\/types\/page"}],"author":[{"embeddable":true,"href":"https:\/\/chaletbreithorncervinia.com\/fr\/wp-json\/wp\/v2\/users\/2"}],"replies":[{"embeddable":true,"href":"https:\/\/chaletbreithorncervinia.com\/fr\/wp-json\/wp\/v2\/comments?post=1060"}],"version-history":[{"count":10,"href":"https:\/\/chaletbreithorncervinia.com\/fr\/wp-json\/wp\/v2\/pages\/1060\/revisions"}],"predecessor-version":[{"id":1468,"href":"https:\/\/chaletbreithorncervinia.com\/fr\/wp-json\/wp\/v2\/pages\/1060\/revisions\/1468"}],"wp:attachment":[{"href":"https:\/\/chaletbreithorncervinia.com\/fr\/wp-json\/wp\/v2\/media?parent=1060"}],"curies":[{"name":"wp","href":"https:\/\/api.w.org\/{rel}","templated":true}]}}