{"id":1073,"date":"2025-06-09T09:16:53","date_gmt":"2025-06-09T09:16:53","guid":{"rendered":"https:\/\/chaletbreithorncervinia.com\/localisation\/"},"modified":"2025-12-15T11:16:36","modified_gmt":"2025-12-15T11:16:36","slug":"localisation","status":"publish","type":"page","link":"https:\/\/chaletbreithorncervinia.com\/fr\/localisation\/","title":{"rendered":"Localisation"},"content":{"rendered":"\t\t<div data-elementor-type=\"wp-page\" data-elementor-id=\"1073\" class=\"elementor elementor-1073 elementor-52\" data-elementor-post-type=\"page\">\n\t\t\t\t<div class=\"elementor-element elementor-element-390ecd2 elementor-hidden-desktop e-flex e-con-boxed e-con e-parent\" data-id=\"390ecd2\" data-element_type=\"container\">\n\t\t\t\t\t<div class=\"e-con-inner\">\n\t\t\t\t<div class=\"elementor-element elementor-element-ea7824b elementor-hidden-desktop elementor-widget elementor-widget-template\" data-id=\"ea7824b\" data-element_type=\"widget\" data-widget_type=\"template.default\">\n\t\t\t\t<div class=\"elementor-widget-container\">\n\t\t\t\t\t\t\t<div class=\"elementor-template\">\n\t\t\t\t\t<div data-elementor-type=\"container\" data-elementor-id=\"462\" class=\"elementor elementor-462\" data-elementor-post-type=\"elementor_library\">\n\t\t\t\t<div class=\"elementor-element elementor-element-20d1191 elementor-hidden-desktop e-flex e-con-boxed e-con e-parent\" data-id=\"20d1191\" data-element_type=\"container\">\n\t\t\t\t\t<div class=\"e-con-inner\">\n\t\t\t\t<div class=\"elementor-element elementor-element-830e255 elementor-widget elementor-widget-theme-site-logo elementor-widget-image\" data-id=\"830e255\" data-element_type=\"widget\" data-widget_type=\"theme-site-logo.default\">\n\t\t\t\t<div class=\"elementor-widget-container\">\n\t\t\t\t\t\t\t\t\t\t\t<a href=\"https:\/\/chaletbreithorncervinia.com\/fr\/\">\n\t\t\t<img decoding=\"async\" width=\"292\" height=\"113\" src=\"https:\/\/chaletbreithorncervinia.com\/wp-content\/uploads\/chalet_breithorn_logo_full.svg\" class=\"attachment-full size-full wp-image-68\" alt=\"\" \/>\t\t\t\t<\/a>\n\t\t\t\t\t\t\t\t\t\t\t<\/div>\n\t\t\t\t<\/div>\n\t\t\t\t\t<\/div>\n\t\t\t\t<\/div>\n\t\t\t\t<\/div>\n\t\t\t\t<\/div>\n\t\t\t\t\t\t<\/div>\n\t\t\t\t<\/div>\n\t\t\t\t\t<\/div>\n\t\t\t\t<\/div>\n\t\t<div class=\"elementor-element elementor-element-26d63b7 e-con-full e-flex e-con e-parent\" data-id=\"26d63b7\" data-element_type=\"container\">\n\t\t<div class=\"elementor-element elementor-element-ed9add7 e-con-full e-flex e-con e-child\" data-id=\"ed9add7\" data-element_type=\"container\" data-settings=\"{&quot;background_background&quot;:&quot;classic&quot;}\">\n\t\t<div class=\"elementor-element elementor-element-4d06a30 e-con-full e-flex e-con e-child\" data-id=\"4d06a30\" data-element_type=\"container\">\n\t\t\t\t<div class=\"elementor-element elementor-element-3265112 elementor-widget elementor-widget-heading\" data-id=\"3265112\" data-element_type=\"widget\" data-widget_type=\"heading.default\">\n\t\t\t\t<div class=\"elementor-widget-container\">\n\t\t\t\t\t<h1 class=\"elementor-heading-title elementor-size-default\">LA STATION DE <\/br>\nBREUIL-CERVINIA<\/h1>\t\t\t\t<\/div>\n\t\t\t\t<\/div>\n\t\t\t\t<div class=\"elementor-element elementor-element-ee7e152 elementor-widget__width-initial elementor-widget elementor-widget-text-editor\" data-id=\"ee7e152\" data-element_type=\"widget\" data-widget_type=\"text-editor.default\">\n\t\t\t\t<div class=\"elementor-widget-container\">\n\t\t\t\t\t\t\t\t\t<p>Le <strong>Chalet Breithorn<\/strong> est nich\u00e9 au c\u0153ur de <strong>Breuil-Cervinia<\/strong>, l\u2019une des stations d\u2019altitude les plus embl\u00e9matiques des Alpes italiennes, avec un acc\u00e8s direct au domaine l\u00e9gendaire de <strong>Zermatt<\/strong>, de l\u2019autre c\u00f4t\u00e9 de la fronti\u00e8re suisse. Situ\u00e9e au pied de la silhouette majestueuse du <strong>Cervin<\/strong> \u2014 ou Matterhorn c\u00f4t\u00e9 italien \u2014 Cervinia est c\u00e9l\u00e8bre pour son cadre alpin spectaculaire et la fiabilit\u00e9 exceptionnelle de son enneigement, avec une <strong>longue saison de ski d\u2019octobre \u00e0 mai.<\/strong> <\/p><p>Parfaitement positionn\u00e9, le <strong>Chalet Breithorn<\/strong> offre le meilleur des deux mondes \u2014 un acc\u00e8s facile aux c\u00e9l\u00e8bres pistes, <strong>restaurants gastronomiques<\/strong> et boutiques de luxe de Zermatt, tout en conservant le charme et l\u2019authenticit\u00e9 du versant italien.<\/p><p>Le village de <strong>Cervinia<\/strong> est anim\u00e9 tout en restant raffin\u00e9, avec un centre pi\u00e9ton accueillant bord\u00e9 de <strong>boutiques, de caf\u00e9s artisanaux<\/strong> et d\u2019<strong>excellents restaurants<\/strong>. Et comme toujours en Italie, la <strong>cuisine montagnarde y est exceptionnelle<\/strong>, servie avec chaleur, tradition, et une vue \u00e0 couper le souffle. <\/p>\t\t\t\t\t\t\t\t<\/div>\n\t\t\t\t<\/div>\n\t\t\t\t<\/div>\n\t\t\t\t<\/div>\n\t\t<div class=\"elementor-element elementor-element-70e1435 e-con-full e-flex e-con e-child\" data-id=\"70e1435\" data-element_type=\"container\" data-settings=\"{&quot;background_background&quot;:&quot;classic&quot;}\">\n\t\t\t\t<\/div>\n\t\t\t\t<\/div>\n\t\t<div class=\"elementor-element elementor-element-e649929 e-con-full e-flex e-con e-parent\" data-id=\"e649929\" data-element_type=\"container\" data-settings=\"{&quot;background_background&quot;:&quot;classic&quot;}\">\n\t\t\t\t<div class=\"elementor-element elementor-element-5fca42c elementor-widget elementor-widget-heading\" data-id=\"5fca42c\" data-element_type=\"widget\" data-widget_type=\"heading.default\">\n\t\t\t\t<div class=\"elementor-widget-container\">\n\t\t\t\t\t<h2 class=\"elementor-heading-title elementor-size-default\">ACTIVIT\u00c9S D\u2019HIVER<\/h2>\t\t\t\t<\/div>\n\t\t\t\t<\/div>\n\t\t<div class=\"elementor-element elementor-element-ba1f6c0 e-flex e-con-boxed e-con e-child\" data-id=\"ba1f6c0\" data-element_type=\"container\">\n\t\t\t\t\t<div class=\"e-con-inner\">\n\t\t<div class=\"elementor-element elementor-element-87ee94c e-con-full e-flex e-con e-child\" data-id=\"87ee94c\" data-element_type=\"container\">\n\t\t\t\t<div class=\"elementor-element elementor-element-1694da5 elementor-widget elementor-widget-image\" data-id=\"1694da5\" data-element_type=\"widget\" data-widget_type=\"image.default\">\n\t\t\t\t<div class=\"elementor-widget-container\">\n\t\t\t\t\t\t\t\t\t\t\t\t\t\t\t<img decoding=\"async\" width=\"126\" height=\"126\" src=\"https:\/\/chaletbreithorncervinia.com\/wp-content\/uploads\/ski-icon.svg\" class=\"attachment-full size-full wp-image-931\" alt=\"\" \/>\t\t\t\t\t\t\t\t\t\t\t\t\t\t\t<\/div>\n\t\t\t\t<\/div>\n\t\t\t\t<div class=\"elementor-element elementor-element-2157a36 elementor-widget elementor-widget-heading\" data-id=\"2157a36\" data-element_type=\"widget\" data-widget_type=\"heading.default\">\n\t\t\t\t<div class=\"elementor-widget-container\">\n\t\t\t\t\t<h4 class=\"elementor-heading-title elementor-size-default\">Ski<\/h4>\t\t\t\t<\/div>\n\t\t\t\t<\/div>\n\t\t\t\t<\/div>\n\t\t<div class=\"elementor-element elementor-element-03acb86 e-con-full e-flex e-con e-child\" data-id=\"03acb86\" data-element_type=\"container\">\n\t\t\t\t<div class=\"elementor-element elementor-element-dd2bbff elementor-widget elementor-widget-image\" data-id=\"dd2bbff\" data-element_type=\"widget\" data-widget_type=\"image.default\">\n\t\t\t\t<div class=\"elementor-widget-container\">\n\t\t\t\t\t\t\t\t\t\t\t\t\t\t\t<img decoding=\"async\" width=\"126\" height=\"126\" src=\"https:\/\/chaletbreithorncervinia.com\/wp-content\/uploads\/snowboard-icon.svg\" class=\"attachment-full size-full wp-image-933\" alt=\"\" \/>\t\t\t\t\t\t\t\t\t\t\t\t\t\t\t<\/div>\n\t\t\t\t<\/div>\n\t\t\t\t<div class=\"elementor-element elementor-element-be4588c elementor-widget elementor-widget-heading\" data-id=\"be4588c\" data-element_type=\"widget\" data-widget_type=\"heading.default\">\n\t\t\t\t<div class=\"elementor-widget-container\">\n\t\t\t\t\t<h4 class=\"elementor-heading-title elementor-size-default\">Snowboard<\/h4>\t\t\t\t<\/div>\n\t\t\t\t<\/div>\n\t\t\t\t<\/div>\n\t\t<div class=\"elementor-element elementor-element-bed94bb e-con-full e-flex e-con e-child\" data-id=\"bed94bb\" data-element_type=\"container\">\n\t\t\t\t<div class=\"elementor-element elementor-element-ceca019 elementor-widget elementor-widget-image\" data-id=\"ceca019\" data-element_type=\"widget\" data-widget_type=\"image.default\">\n\t\t\t\t<div class=\"elementor-widget-container\">\n\t\t\t\t\t\t\t\t\t\t\t\t\t\t\t<img loading=\"lazy\" decoding=\"async\" width=\"126\" height=\"126\" src=\"https:\/\/chaletbreithorncervinia.com\/wp-content\/uploads\/trek-icon.svg\" class=\"attachment-full size-full wp-image-941\" alt=\"\" \/>\t\t\t\t\t\t\t\t\t\t\t\t\t\t\t<\/div>\n\t\t\t\t<\/div>\n\t\t\t\t<div class=\"elementor-element elementor-element-130b7ac elementor-widget elementor-widget-heading\" data-id=\"130b7ac\" data-element_type=\"widget\" data-widget_type=\"heading.default\">\n\t\t\t\t<div class=\"elementor-widget-container\">\n\t\t\t\t\t<h4 class=\"elementor-heading-title elementor-size-default\">Raquettes<\/h4>\t\t\t\t<\/div>\n\t\t\t\t<\/div>\n\t\t\t\t<\/div>\n\t\t<div class=\"elementor-element elementor-element-5a4e9f0 e-con-full e-flex e-con e-child\" data-id=\"5a4e9f0\" data-element_type=\"container\">\n\t\t\t\t<div class=\"elementor-element elementor-element-99808fa elementor-widget elementor-widget-image\" data-id=\"99808fa\" data-element_type=\"widget\" data-widget_type=\"image.default\">\n\t\t\t\t<div class=\"elementor-widget-container\">\n\t\t\t\t\t\t\t\t\t\t\t\t\t\t\t<img loading=\"lazy\" decoding=\"async\" width=\"126\" height=\"126\" src=\"https:\/\/chaletbreithorncervinia.com\/wp-content\/uploads\/heli-skiing-icon.svg\" class=\"attachment-full size-full wp-image-915\" alt=\"\" \/>\t\t\t\t\t\t\t\t\t\t\t\t\t\t\t<\/div>\n\t\t\t\t<\/div>\n\t\t\t\t<div class=\"elementor-element elementor-element-411dff0 elementor-widget elementor-widget-heading\" data-id=\"411dff0\" data-element_type=\"widget\" data-widget_type=\"heading.default\">\n\t\t\t\t<div class=\"elementor-widget-container\">\n\t\t\t\t\t<h4 class=\"elementor-heading-title elementor-size-default\">H\u00e9liski<\/h4>\t\t\t\t<\/div>\n\t\t\t\t<\/div>\n\t\t\t\t<\/div>\n\t\t\t\t\t<\/div>\n\t\t\t\t<\/div>\n\t\t\t\t<\/div>\n\t\t<div class=\"elementor-element elementor-element-c892554 e-con-full e-flex e-con e-parent\" data-id=\"c892554\" data-element_type=\"container\">\n\t\t<div class=\"elementor-element elementor-element-7a9a274 e-con-full e-flex e-con e-child\" data-id=\"7a9a274\" data-element_type=\"container\" data-settings=\"{&quot;background_background&quot;:&quot;classic&quot;}\">\n\t\t\t\t<\/div>\n\t\t<div class=\"elementor-element elementor-element-3437890 e-con-full e-flex e-con e-child\" data-id=\"3437890\" data-element_type=\"container\" data-settings=\"{&quot;background_background&quot;:&quot;classic&quot;}\">\n\t\t<div class=\"elementor-element elementor-element-7205ce7 e-con-full e-flex e-con e-child\" data-id=\"7205ce7\" data-element_type=\"container\">\n\t\t\t\t<div class=\"elementor-element elementor-element-361a64e elementor-widget elementor-widget-heading\" data-id=\"361a64e\" data-element_type=\"widget\" data-widget_type=\"heading.default\">\n\t\t\t\t<div class=\"elementor-widget-container\">\n\t\t\t\t\t<h4 class=\"elementor-heading-title elementor-size-default\">CERVINIA <\/br>\nEN HIVER<\/h4>\t\t\t\t<\/div>\n\t\t\t\t<\/div>\n\t\t\t\t<div class=\"elementor-element elementor-element-d66ee52 elementor-widget__width-initial elementor-widget elementor-widget-text-editor\" data-id=\"d66ee52\" data-element_type=\"widget\" data-widget_type=\"text-editor.default\">\n\t\t\t\t<div class=\"elementor-widget-container\">\n\t\t\t\t\t\t\t\t\t<p>L\u2019hiver au <strong>Chalet Breithorn<\/strong> vous convie \u00e0 l\u2019une des exp\u00e9riences alpines les plus exclusives d\u2019Europe. Avec plus de <strong>360 km de pistes parfaitement entretenues<\/strong>, le domaine <strong>Matterhorn Ski Paradise<\/strong> relie Cervinia \u00e0 Zermatt et Valtournenche, offrant l\u2019un des r\u00e9seaux de ski les plus vastes et pittoresques d\u2019Europe. Des pistes larges et douces id\u00e9ales pour d\u00e9butants aux terrains hors-piste exaltants et <strong>aventures en h\u00e9liski<\/strong>, la r\u00e9gion s\u2019adresse \u00e0 tous les niveaux de skieurs.<br>Les aventuriers peuvent partir hors-piste avec des guides exp\u00e9riment\u00e9s, explorer des <strong>itin\u00e9raires de randonn\u00e9e<\/strong> ou s\u2019adonner \u00e0 des <strong>balades en raquettes<\/strong> dans des for\u00eats silencieuses de m\u00e9l\u00e8zes. <strong>Chiens de tra\u00eeneau<\/strong>, <strong>escalade sur glace<\/strong> ou <strong>ski nocturne<\/strong> sont \u00e9galement propos\u00e9s pour les plus intr\u00e9pides.<br>Apr\u00e8s les pistes, le plaisir continue \u00e0 l\u2019int\u00e9rieur. <strong>Zermatt<\/strong> et <strong>Cervinia<\/strong> proposent des <strong>spas<\/strong> de classe mondiale, une <strong>gastronomie raffin\u00e9e<\/strong> et des boutiques de cr\u00e9ateurs.    Profitez de <strong>d\u00e9gustations de vins priv\u00e9es<\/strong>, de <strong>cours de cuisine<\/strong> ou visitez le c\u00e9l\u00e8bre mus\u00e9e du <strong>Cervin \u00e0 Zermatt<\/strong>. Le <strong>Chalet Breithorn<\/strong> offre un espace bien-\u00eatre priv\u00e9 \u2014 <strong>piscine int\u00e9rieure<\/strong>, <strong>sauna<\/strong>, <strong>jacuzzi<\/strong> et <strong>massages<\/strong> \u2014 pour une relaxation totale, et une salle de cin\u00e9ma pour des soir\u00e9es immersives apr\u00e8s une journ\u00e9e dans la neige. Que vous soyez en qu\u00eate d\u2019adr\u00e9naline ou de calme, l\u2019hiver ici est une symbiose d\u2019\u00e9l\u00e9gance, d\u2019aventure et d\u2019art de vivre alpin.<\/p>\t\t\t\t\t\t\t\t<\/div>\n\t\t\t\t<\/div>\n\t\t\t\t<\/div>\n\t\t\t\t<\/div>\n\t\t\t\t<\/div>\n\t\t<div class=\"elementor-element elementor-element-2b5b2a7 e-con-full e-flex e-con e-parent\" data-id=\"2b5b2a7\" data-element_type=\"container\" data-settings=\"{&quot;background_background&quot;:&quot;classic&quot;}\">\n\t\t\t\t<div class=\"elementor-element elementor-element-d96ad14 elementor-widget elementor-widget-heading\" data-id=\"d96ad14\" data-element_type=\"widget\" data-widget_type=\"heading.default\">\n\t\t\t\t<div class=\"elementor-widget-container\">\n\t\t\t\t\t<h2 class=\"elementor-heading-title elementor-size-default\">ACTIVIT\u00c9S D\u2019\u00c9T\u00c9<\/h2>\t\t\t\t<\/div>\n\t\t\t\t<\/div>\n\t\t<div class=\"elementor-element elementor-element-9bb6c4d e-flex e-con-boxed e-con e-child\" data-id=\"9bb6c4d\" data-element_type=\"container\">\n\t\t\t\t\t<div class=\"e-con-inner\">\n\t\t<div class=\"elementor-element elementor-element-368306e e-con-full e-flex e-con e-child\" data-id=\"368306e\" data-element_type=\"container\">\n\t\t\t\t<div class=\"elementor-element elementor-element-71c86bb elementor-widget elementor-widget-image\" data-id=\"71c86bb\" data-element_type=\"widget\" data-widget_type=\"image.default\">\n\t\t\t\t<div class=\"elementor-widget-container\">\n\t\t\t\t\t\t\t\t\t\t\t\t\t\t\t<img loading=\"lazy\" decoding=\"async\" width=\"126\" height=\"126\" src=\"https:\/\/chaletbreithorncervinia.com\/wp-content\/uploads\/bike-icon.svg\" class=\"attachment-full size-full wp-image-905\" alt=\"\" \/>\t\t\t\t\t\t\t\t\t\t\t\t\t\t\t<\/div>\n\t\t\t\t<\/div>\n\t\t\t\t<div class=\"elementor-element elementor-element-09fbb49 elementor-widget elementor-widget-heading\" data-id=\"09fbb49\" data-element_type=\"widget\" data-widget_type=\"heading.default\">\n\t\t\t\t<div class=\"elementor-widget-container\">\n\t\t\t\t\t<h4 class=\"elementor-heading-title elementor-size-default\">VTT<\/h4>\t\t\t\t<\/div>\n\t\t\t\t<\/div>\n\t\t\t\t<\/div>\n\t\t<div class=\"elementor-element elementor-element-7099043 e-con-full e-flex e-con e-child\" data-id=\"7099043\" data-element_type=\"container\">\n\t\t\t\t<div class=\"elementor-element elementor-element-7b6eb11 elementor-widget elementor-widget-image\" data-id=\"7b6eb11\" data-element_type=\"widget\" data-widget_type=\"image.default\">\n\t\t\t\t<div class=\"elementor-widget-container\">\n\t\t\t\t\t\t\t\t\t\t\t\t\t\t\t<img loading=\"lazy\" decoding=\"async\" width=\"126\" height=\"126\" src=\"https:\/\/chaletbreithorncervinia.com\/wp-content\/uploads\/trek-icon.svg\" class=\"attachment-full size-full wp-image-941\" alt=\"\" \/>\t\t\t\t\t\t\t\t\t\t\t\t\t\t\t<\/div>\n\t\t\t\t<\/div>\n\t\t\t\t<div class=\"elementor-element elementor-element-fb1e49e elementor-widget elementor-widget-heading\" data-id=\"fb1e49e\" data-element_type=\"widget\" data-widget_type=\"heading.default\">\n\t\t\t\t<div class=\"elementor-widget-container\">\n\t\t\t\t\t<h4 class=\"elementor-heading-title elementor-size-default\">Randonn\u00e9e &amp; Trekking<\/h4>\t\t\t\t<\/div>\n\t\t\t\t<\/div>\n\t\t\t\t<\/div>\n\t\t<div class=\"elementor-element elementor-element-23461d4 e-con-full e-flex e-con e-child\" data-id=\"23461d4\" data-element_type=\"container\">\n\t\t\t\t<div class=\"elementor-element elementor-element-6ba8476 elementor-widget elementor-widget-image\" data-id=\"6ba8476\" data-element_type=\"widget\" data-widget_type=\"image.default\">\n\t\t\t\t<div class=\"elementor-widget-container\">\n\t\t\t\t\t\t\t\t\t\t\t\t\t\t\t<img loading=\"lazy\" decoding=\"async\" width=\"126\" height=\"126\" src=\"https:\/\/chaletbreithorncervinia.com\/wp-content\/uploads\/golf-icon.svg\" class=\"attachment-full size-full wp-image-911\" alt=\"\" \/>\t\t\t\t\t\t\t\t\t\t\t\t\t\t\t<\/div>\n\t\t\t\t<\/div>\n\t\t\t\t<div class=\"elementor-element elementor-element-be063fe elementor-widget elementor-widget-heading\" data-id=\"be063fe\" data-element_type=\"widget\" data-widget_type=\"heading.default\">\n\t\t\t\t<div class=\"elementor-widget-container\">\n\t\t\t\t\t<h4 class=\"elementor-heading-title elementor-size-default\">Golf<\/h4>\t\t\t\t<\/div>\n\t\t\t\t<\/div>\n\t\t\t\t<\/div>\n\t\t<div class=\"elementor-element elementor-element-67bbf76 e-con-full e-flex e-con e-child\" data-id=\"67bbf76\" data-element_type=\"container\">\n\t\t\t\t<div class=\"elementor-element elementor-element-0be32da elementor-widget elementor-widget-image\" data-id=\"0be32da\" data-element_type=\"widget\" data-widget_type=\"image.default\">\n\t\t\t\t<div class=\"elementor-widget-container\">\n\t\t\t\t\t\t\t\t\t\t\t\t\t\t\t<img loading=\"lazy\" decoding=\"async\" width=\"126\" height=\"126\" src=\"https:\/\/chaletbreithorncervinia.com\/wp-content\/uploads\/paragliding-icon.svg\" class=\"attachment-full size-full wp-image-921\" alt=\"\" \/>\t\t\t\t\t\t\t\t\t\t\t\t\t\t\t<\/div>\n\t\t\t\t<\/div>\n\t\t\t\t<div class=\"elementor-element elementor-element-7c675e2 elementor-widget elementor-widget-heading\" data-id=\"7c675e2\" data-element_type=\"widget\" data-widget_type=\"heading.default\">\n\t\t\t\t<div class=\"elementor-widget-container\">\n\t\t\t\t\t<h4 class=\"elementor-heading-title elementor-size-default\">Parapente<\/h4>\t\t\t\t<\/div>\n\t\t\t\t<\/div>\n\t\t\t\t<\/div>\n\t\t\t\t\t<\/div>\n\t\t\t\t<\/div>\n\t\t\t\t<\/div>\n\t\t<div class=\"elementor-element elementor-element-730d8f2 e-con-full e-flex e-con e-parent\" data-id=\"730d8f2\" data-element_type=\"container\">\n\t\t<div class=\"elementor-element elementor-element-b2fbebf e-con-full e-flex e-con e-child\" data-id=\"b2fbebf\" data-element_type=\"container\" data-settings=\"{&quot;background_background&quot;:&quot;classic&quot;}\">\n\t\t<div class=\"elementor-element elementor-element-caa9f21 e-con-full e-flex e-con e-child\" data-id=\"caa9f21\" data-element_type=\"container\">\n\t\t\t\t<div class=\"elementor-element elementor-element-b995f38 elementor-widget elementor-widget-heading\" data-id=\"b995f38\" data-element_type=\"widget\" data-widget_type=\"heading.default\">\n\t\t\t\t<div class=\"elementor-widget-container\">\n\t\t\t\t\t<h4 class=\"elementor-heading-title elementor-size-default\">CERVINIA<\/br>\nEN \u00c9T\u00c9<\/h4>\t\t\t\t<\/div>\n\t\t\t\t<\/div>\n\t\t\t\t<div class=\"elementor-element elementor-element-c211ef6 elementor-widget__width-initial elementor-widget elementor-widget-text-editor\" data-id=\"c211ef6\" data-element_type=\"widget\" data-widget_type=\"text-editor.default\">\n\t\t\t\t<div class=\"elementor-widget-container\">\n\t\t\t\t\t\t\t\t\t<p>L\u2019\u00e9t\u00e9 au <strong>Chalet Breithorn<\/strong> r\u00e9v\u00e8le une facette plus sereine et ensoleill\u00e9e des Alpes \u2014 o\u00f9 les sommets enneig\u00e9s laissent place aux prairies alpines, lacs cristallins et sentiers panoramiques. Le domaine <g id=\"gid_1\">Zermatt\u2013Cervinia<\/g> devient un sanctuaire d\u2019altitude pour les voyageurs en qu\u00eate de nature, de raffinement et d\u2019aventure. Explorez depuis le chalet un vaste r\u00e9seau de <strong>sentiers de randonn\u00e9e ou de VTT<\/strong>, franchissant la fronti\u00e8re suisse avec des vues imprenables sur le Cervin \u00e0 chaque tournant. D\u00e9couvrez le <strong>ski d\u2019\u00e9t\u00e9 sur le glacier<\/strong> du Plateau Rosa, ou envolez-vous en <strong>parapente<\/strong> au-dessus des vall\u00e9es verdoyantes et cr\u00eates escarp\u00e9es. Les golfeurs appr\u00e9cieront le parcours 18 trous de Cervinia, l\u2019un des plus hauts d\u2019Europe. Au-del\u00e0 des activit\u00e9s, l\u2019\u00e9t\u00e9 invite \u00e0 la d\u00e9tente. Profitez d\u2019un apr\u00e8s-midi paisible au <strong>spa priv\u00e9 du Chalet Breithorn<\/strong>, d\u2019un film dans la <strong>salle de cin\u00e9ma<\/strong> ou d\u2019un verre de vin issu de la <strong>cave<\/strong> du chalet. \u00c0 proximit\u00e9, Zermatt et Cervinia offrent <strong>galeries d\u2019art<\/strong>, <strong>boutiques<\/strong>, <strong>restaurants locavores<\/strong> et m\u00eame des piques-niques en montagne apr\u00e8s une <strong>mont\u00e9e en t\u00e9l\u00e9cabine<\/strong>. Que vous recherchiez l\u2019aventure ou le luxe discret, l\u2019\u00e9t\u00e9 ici est un souffle d\u2019air pur \u2014 intemporel, \u00e9l\u00e9gant et inspirant.        <\/p>\t\t\t\t\t\t\t\t<\/div>\n\t\t\t\t<\/div>\n\t\t\t\t<\/div>\n\t\t\t\t<\/div>\n\t\t<div class=\"elementor-element elementor-element-f094591 e-con-full e-flex e-con e-child\" data-id=\"f094591\" data-element_type=\"container\" data-settings=\"{&quot;background_background&quot;:&quot;classic&quot;}\">\n\t\t\t\t<\/div>\n\t\t\t\t<\/div>\n\t\t<div class=\"elementor-element elementor-element-25c7d00 e-flex e-con-boxed e-con e-parent\" data-id=\"25c7d00\" data-element_type=\"container\" data-settings=\"{&quot;background_background&quot;:&quot;classic&quot;}\">\n\t\t\t\t\t<div class=\"e-con-inner\">\n\t\t\t\t<div class=\"elementor-element elementor-element-ca48727 elementor-widget-mobile__width-initial elementor-widget elementor-widget-heading\" data-id=\"ca48727\" data-element_type=\"widget\" data-widget_type=\"heading.default\">\n\t\t\t\t<div class=\"elementor-widget-container\">\n\t\t\t\t\t<h5 class=\"elementor-heading-title elementor-size-default\">NOUS VOUS AIDERONS \u00c0 R\u00c9SERVER <\/br>\nLES ACTIVIT\u00c9S DE VOTRE CHOIX!<\/h5>\t\t\t\t<\/div>\n\t\t\t\t<\/div>\n\t\t\t\t<div class=\"elementor-element elementor-element-e869fa0 elementor-align-center elementor-widget elementor-widget-button\" data-id=\"e869fa0\" data-element_type=\"widget\" data-widget_type=\"button.default\">\n\t\t\t\t<div class=\"elementor-widget-container\">\n\t\t\t\t\t\t\t\t\t<div class=\"elementor-button-wrapper\">\n\t\t\t\t\t<a class=\"elementor-button elementor-button-link elementor-size-sm\" href=\"https:\/\/chaletbreithorncervinia.com\/fr\/contactez-nous\/\">\n\t\t\t\t\t\t<span class=\"elementor-button-content-wrapper\">\n\t\t\t\t\t\t\t\t\t<span class=\"elementor-button-text\">CONTACTEZ-NOUS<\/span>\n\t\t\t\t\t<\/span>\n\t\t\t\t\t<\/a>\n\t\t\t\t<\/div>\n\t\t\t\t\t\t\t\t<\/div>\n\t\t\t\t<\/div>\n\t\t\t\t\t<\/div>\n\t\t\t\t<\/div>\n\t\t\t\t<\/div>\n\t\t","protected":false},"excerpt":{"rendered":"<p>LA STATION DE BREUIL-CERVINIA Le Chalet Breithorn est nich\u00e9 au c\u0153ur de Breuil-Cervinia, l\u2019une des stations d\u2019altitude les plus embl\u00e9matiques des Alpes italiennes, avec un acc\u00e8s direct au domaine l\u00e9gendaire de Zermatt, de l\u2019autre c\u00f4t\u00e9 de la fronti\u00e8re suisse. Situ\u00e9e au pied de la silhouette majestueuse du Cervin \u2014 ou Matterhorn c\u00f4t\u00e9 italien \u2014 Cervinia [&hellip;]<\/p>\n","protected":false},"author":2,"featured_media":0,"parent":0,"menu_order":0,"comment_status":"closed","ping_status":"closed","template":"","meta":{"_acf_changed":false,"footnotes":""},"class_list":["post-1073","page","type-page","status-publish","hentry"],"acf":[],"_links":{"self":[{"href":"https:\/\/chaletbreithorncervinia.com\/fr\/wp-json\/wp\/v2\/pages\/1073","targetHints":{"allow":["GET"]}}],"collection":[{"href":"https:\/\/chaletbreithorncervinia.com\/fr\/wp-json\/wp\/v2\/pages"}],"about":[{"href":"https:\/\/chaletbreithorncervinia.com\/fr\/wp-json\/wp\/v2\/types\/page"}],"author":[{"embeddable":true,"href":"https:\/\/chaletbreithorncervinia.com\/fr\/wp-json\/wp\/v2\/users\/2"}],"replies":[{"embeddable":true,"href":"https:\/\/chaletbreithorncervinia.com\/fr\/wp-json\/wp\/v2\/comments?post=1073"}],"version-history":[{"count":3,"href":"https:\/\/chaletbreithorncervinia.com\/fr\/wp-json\/wp\/v2\/pages\/1073\/revisions"}],"predecessor-version":[{"id":1374,"href":"https:\/\/chaletbreithorncervinia.com\/fr\/wp-json\/wp\/v2\/pages\/1073\/revisions\/1374"}],"wp:attachment":[{"href":"https:\/\/chaletbreithorncervinia.com\/fr\/wp-json\/wp\/v2\/media?parent=1073"}],"curies":[{"name":"wp","href":"https:\/\/api.w.org\/{rel}","templated":true}]}}