{"id":1076,"date":"2025-06-09T09:15:36","date_gmt":"2025-06-09T09:15:36","guid":{"rendered":"https:\/\/chaletbreithorncervinia.com\/suites\/"},"modified":"2025-12-15T11:52:40","modified_gmt":"2025-12-15T11:52:40","slug":"suites","status":"publish","type":"page","link":"https:\/\/chaletbreithorncervinia.com\/fr\/suites\/","title":{"rendered":"Suites"},"content":{"rendered":"\t\t<div data-elementor-type=\"wp-page\" data-elementor-id=\"1076\" class=\"elementor elementor-1076 elementor-48\" data-elementor-post-type=\"page\">\n\t\t\t\t<div class=\"elementor-element elementor-element-357dac9 elementor-hidden-desktop e-flex e-con-boxed e-con e-parent\" data-id=\"357dac9\" data-element_type=\"container\">\n\t\t\t\t\t<div class=\"e-con-inner\">\n\t\t\t\t<div class=\"elementor-element elementor-element-c3392bd elementor-hidden-desktop elementor-widget elementor-widget-template\" data-id=\"c3392bd\" data-element_type=\"widget\" data-widget_type=\"template.default\">\n\t\t\t\t<div class=\"elementor-widget-container\">\n\t\t\t\t\t\t\t<div class=\"elementor-template\">\n\t\t\t\t\t<div data-elementor-type=\"container\" data-elementor-id=\"462\" class=\"elementor elementor-462\" data-elementor-post-type=\"elementor_library\">\n\t\t\t\t<div class=\"elementor-element elementor-element-20d1191 elementor-hidden-desktop e-flex e-con-boxed e-con e-parent\" data-id=\"20d1191\" data-element_type=\"container\">\n\t\t\t\t\t<div class=\"e-con-inner\">\n\t\t\t\t<div class=\"elementor-element elementor-element-830e255 elementor-widget elementor-widget-theme-site-logo elementor-widget-image\" data-id=\"830e255\" data-element_type=\"widget\" data-widget_type=\"theme-site-logo.default\">\n\t\t\t\t<div class=\"elementor-widget-container\">\n\t\t\t\t\t\t\t\t\t\t\t<a href=\"https:\/\/chaletbreithorncervinia.com\/fr\/\">\n\t\t\t<img decoding=\"async\" width=\"292\" height=\"113\" src=\"https:\/\/chaletbreithorncervinia.com\/wp-content\/uploads\/chalet_breithorn_logo_full.svg\" class=\"attachment-full size-full wp-image-68\" alt=\"\" \/>\t\t\t\t<\/a>\n\t\t\t\t\t\t\t\t\t\t\t<\/div>\n\t\t\t\t<\/div>\n\t\t\t\t\t<\/div>\n\t\t\t\t<\/div>\n\t\t\t\t<\/div>\n\t\t\t\t<\/div>\n\t\t\t\t\t\t<\/div>\n\t\t\t\t<\/div>\n\t\t\t\t\t<\/div>\n\t\t\t\t<\/div>\n\t\t<div class=\"elementor-element elementor-element-18f627e e-con-full e-flex e-con e-parent\" data-id=\"18f627e\" data-element_type=\"container\">\n\t\t<div class=\"elementor-element elementor-element-750514b e-con-full e-flex e-con e-child\" data-id=\"750514b\" data-element_type=\"container\" data-settings=\"{&quot;background_background&quot;:&quot;classic&quot;}\">\n\t\t<div class=\"elementor-element elementor-element-29eb848 e-con-full e-flex e-con e-child\" data-id=\"29eb848\" data-element_type=\"container\">\n\t\t\t\t<div class=\"elementor-element elementor-element-cba0392 elementor-widget elementor-widget-heading\" data-id=\"cba0392\" data-element_type=\"widget\" data-widget_type=\"heading.default\">\n\t\t\t\t<div class=\"elementor-widget-container\">\n\t\t\t\t\t<h1 class=\"elementor-heading-title elementor-size-default\">\u00c9L\u00c9GANCE INTEMPORELLE: LES SUITES DU CHALET BREITHORN<\/h1>\t\t\t\t<\/div>\n\t\t\t\t<\/div>\n\t\t\t\t<div class=\"elementor-element elementor-element-3102e1a elementor-widget__width-initial elementor-widget elementor-widget-text-editor\" data-id=\"3102e1a\" data-element_type=\"widget\" data-widget_type=\"text-editor.default\">\n\t\t\t\t<div class=\"elementor-widget-container\">\n\t\t\t\t\t\t\t\t\t<p>Chacune des six suites du <strong>Chalet Breithorn<\/strong> est un hommage \u00e0 la beaut\u00e9 intemporelle des Alpes, o\u00f9 textures naturelles, mobilier sur mesure et vues panoramiques s\u2019unissent en parfaite harmonie. Inspir\u00e9es de sommets l\u00e9gendaires tels que le <strong>Mont Rose, l\u2019Aiguille du Midi, le Mont Blanc, le Cervin<\/strong> et <strong>le Lyskamm<\/strong>, ainsi que la majestueuse <strong>Suite Master<\/strong>, chaque chambre a sa propre identit\u00e9 \u2014 un subtil \u00e9quilibre entre chaleur, raffinement et ancrage local. Que vous cherchiez l\u2019intimit\u00e9 rustique ou la grandeur raffin\u00e9e, ces havres alpins promettent un s\u00e9jour empreint de confort, de caract\u00e8re et de luxe discret.  <\/p>\t\t\t\t\t\t\t\t<\/div>\n\t\t\t\t<\/div>\n\t\t\t\t<\/div>\n\t\t\t\t<\/div>\n\t\t<div class=\"elementor-element elementor-element-00a4834 e-con-full e-flex e-con e-child\" data-id=\"00a4834\" data-element_type=\"container\" data-settings=\"{&quot;background_background&quot;:&quot;classic&quot;}\">\n\t\t\t\t<\/div>\n\t\t\t\t<\/div>\n\t\t<div class=\"elementor-element elementor-element-1d2204a e-con-full e-flex e-con e-parent\" data-id=\"1d2204a\" data-element_type=\"container\">\n\t\t<a class=\"elementor-element elementor-element-1486eee e-con-full e-flex e-con e-child\" data-id=\"1486eee\" data-element_type=\"container\" data-settings=\"{&quot;background_background&quot;:&quot;classic&quot;}\" href=\"https:\/\/chaletbreithorncervinia.com\/fr\/suite-master-cervino\/\">\n\t\t\t\t<\/a>\n\t\t<div class=\"elementor-element elementor-element-845a291 e-con-full e-flex e-con e-child\" data-id=\"845a291\" data-element_type=\"container\" data-settings=\"{&quot;background_background&quot;:&quot;classic&quot;}\">\n\t\t<div class=\"elementor-element elementor-element-e9e86cf e-con-full e-flex e-con e-child\" data-id=\"e9e86cf\" data-element_type=\"container\">\n\t\t\t\t<div class=\"elementor-element elementor-element-1b9e98e elementor-widget elementor-widget-heading\" data-id=\"1b9e98e\" data-element_type=\"widget\" data-widget_type=\"heading.default\">\n\t\t\t\t<div class=\"elementor-widget-container\">\n\t\t\t\t\t<h2 class=\"elementor-heading-title elementor-size-default\">SUITE MASTER <\/br>\nCERVINO<\/h2>\t\t\t\t<\/div>\n\t\t\t\t<\/div>\n\t\t\t\t<div class=\"elementor-element elementor-element-c8259e7 elementor-widget__width-initial elementor-widget elementor-widget-text-editor\" data-id=\"c8259e7\" data-element_type=\"widget\" data-widget_type=\"text-editor.default\">\n\t\t\t\t<div class=\"elementor-widget-container\">\n\t\t\t\t\t\t\t\t\tLa suite principale offre \u00e9l\u00e9gance moderne et confort chaleureux. Son charme authentique vous permet de profiter de vues panoramiques sur les sommets majestueux de Zermatt-Cervinia. Elle s\u00e9duit par son lit king-size, sa douche italienne et sa baignoire orient\u00e9e face aux montagnes \u2014 un v\u00e9ritable bijou au c\u0153ur des Alpes.\t\t\t\t\t\t\t\t<\/div>\n\t\t\t\t<\/div>\n\t\t\t\t<\/div>\n\t\t\t\t<div class=\"elementor-element elementor-element-3fa8b9d elementor-mobile-align-center elementor-widget elementor-widget-button\" data-id=\"3fa8b9d\" data-element_type=\"widget\" data-widget_type=\"button.default\">\n\t\t\t\t<div class=\"elementor-widget-container\">\n\t\t\t\t\t\t\t\t\t<div class=\"elementor-button-wrapper\">\n\t\t\t\t\t<a class=\"elementor-button elementor-button-link elementor-size-sm\" href=\"https:\/\/chaletbreithorncervinia.com\/fr\/suite-master-cervino\/\">\n\t\t\t\t\t\t<span class=\"elementor-button-content-wrapper\">\n\t\t\t\t\t\t\t\t\t<span class=\"elementor-button-text\">EN SAVOIR PLUS<\/span>\n\t\t\t\t\t<\/span>\n\t\t\t\t\t<\/a>\n\t\t\t\t<\/div>\n\t\t\t\t\t\t\t\t<\/div>\n\t\t\t\t<\/div>\n\t\t\t\t<\/div>\n\t\t\t\t<\/div>\n\t\t<div class=\"elementor-element elementor-element-171a555 e-con-full e-flex e-con e-parent\" data-id=\"171a555\" data-element_type=\"container\">\n\t\t<div class=\"elementor-element elementor-element-12cf589 e-con-full e-flex e-con e-child\" data-id=\"12cf589\" data-element_type=\"container\" data-settings=\"{&quot;background_background&quot;:&quot;classic&quot;}\">\n\t\t<div class=\"elementor-element elementor-element-dd429db e-con-full e-flex e-con e-child\" data-id=\"dd429db\" data-element_type=\"container\">\n\t\t\t\t<div class=\"elementor-element elementor-element-c4f0ba1 elementor-widget elementor-widget-heading\" data-id=\"c4f0ba1\" data-element_type=\"widget\" data-widget_type=\"heading.default\">\n\t\t\t\t<div class=\"elementor-widget-container\">\n\t\t\t\t\t<h2 class=\"elementor-heading-title elementor-size-default\">SUITE <\/br>MONTE BIANCO<\/h2>\t\t\t\t<\/div>\n\t\t\t\t<\/div>\n\t\t\t\t<div class=\"elementor-element elementor-element-ce25a5a elementor-widget__width-initial elementor-widget elementor-widget-text-editor\" data-id=\"ce25a5a\" data-element_type=\"widget\" data-widget_type=\"text-editor.default\">\n\t\t\t\t<div class=\"elementor-widget-container\">\n\t\t\t\t\t\t\t\t\tLa suite Monte Bianco offre une atmosph\u00e8re chaleureuse et intime, avec une palette de tons de m\u00e9l\u00e8ze naturel, sublim\u00e9e par la lumi\u00e8re douce des sommets enneig\u00e9s \u2014 une v\u00e9ritable invitation au calme.\t\t\t\t\t\t\t\t<\/div>\n\t\t\t\t<\/div>\n\t\t\t\t<\/div>\n\t\t\t\t<div class=\"elementor-element elementor-element-2add004 elementor-mobile-align-center elementor-widget elementor-widget-button\" data-id=\"2add004\" data-element_type=\"widget\" data-widget_type=\"button.default\">\n\t\t\t\t<div class=\"elementor-widget-container\">\n\t\t\t\t\t\t\t\t\t<div class=\"elementor-button-wrapper\">\n\t\t\t\t\t<a class=\"elementor-button elementor-button-link elementor-size-sm\" href=\"https:\/\/chaletbreithorncervinia.com\/fr\/suite-monte-bianco\/\">\n\t\t\t\t\t\t<span class=\"elementor-button-content-wrapper\">\n\t\t\t\t\t\t\t\t\t<span class=\"elementor-button-text\">EN SAVOIR PLUS<\/span>\n\t\t\t\t\t<\/span>\n\t\t\t\t\t<\/a>\n\t\t\t\t<\/div>\n\t\t\t\t\t\t\t\t<\/div>\n\t\t\t\t<\/div>\n\t\t\t\t<\/div>\n\t\t<a class=\"elementor-element elementor-element-3075c5a e-con-full e-flex e-con e-child\" data-id=\"3075c5a\" data-element_type=\"container\" data-settings=\"{&quot;background_background&quot;:&quot;classic&quot;}\" href=\"https:\/\/chaletbreithorncervinia.com\/fr\/suite-monte-bianco\/\">\n\t\t\t\t<\/a>\n\t\t\t\t<\/div>\n\t\t<div class=\"elementor-element elementor-element-f126692 e-con-full e-flex e-con e-parent\" data-id=\"f126692\" data-element_type=\"container\">\n\t\t<div class=\"elementor-element elementor-element-ec197f6 e-con-full e-flex e-con e-child\" data-id=\"ec197f6\" data-element_type=\"container\" data-settings=\"{&quot;background_background&quot;:&quot;classic&quot;}\">\n\t\t\t\t<\/div>\n\t\t<div class=\"elementor-element elementor-element-1f79c20 e-con-full e-flex e-con e-child\" data-id=\"1f79c20\" data-element_type=\"container\" data-settings=\"{&quot;background_background&quot;:&quot;classic&quot;}\">\n\t\t<div class=\"elementor-element elementor-element-dcd2d25 e-con-full e-flex e-con e-child\" data-id=\"dcd2d25\" data-element_type=\"container\">\n\t\t\t\t<div class=\"elementor-element elementor-element-2383c9c elementor-widget elementor-widget-heading\" data-id=\"2383c9c\" data-element_type=\"widget\" data-widget_type=\"heading.default\">\n\t\t\t\t<div class=\"elementor-widget-container\">\n\t\t\t\t\t<h2 class=\"elementor-heading-title elementor-size-default\">WEISSHORN<\/br> SUITE<\/h2>\t\t\t\t<\/div>\n\t\t\t\t<\/div>\n\t\t\t\t<div class=\"elementor-element elementor-element-ee5efc2 elementor-widget__width-initial elementor-widget elementor-widget-text-editor\" data-id=\"ee5efc2\" data-element_type=\"widget\" data-widget_type=\"text-editor.default\">\n\t\t\t\t<div class=\"elementor-widget-container\">\n\t\t\t\t\t\t\t\t\t<p>La suite Weisshorn incarne l\u2019alliance parfaite entre luxe et artisanat alpin, d\u00e9voilant un d\u00e9cor somptueux aux boiseries sculpt\u00e9es et \u00e9l\u00e9ments de design inspir\u00e9s de la montagne.<\/p>\t\t\t\t\t\t\t\t<\/div>\n\t\t\t\t<\/div>\n\t\t\t\t<\/div>\n\t\t\t\t<div class=\"elementor-element elementor-element-486e210 elementor-mobile-align-center elementor-widget elementor-widget-button\" data-id=\"486e210\" data-element_type=\"widget\" data-widget_type=\"button.default\">\n\t\t\t\t<div class=\"elementor-widget-container\">\n\t\t\t\t\t\t\t\t\t<div class=\"elementor-button-wrapper\">\n\t\t\t\t\t<a class=\"elementor-button elementor-button-link elementor-size-sm\" href=\"https:\/\/chaletbreithorncervinia.com\/fr\/suite-matterhorn\/\">\n\t\t\t\t\t\t<span class=\"elementor-button-content-wrapper\">\n\t\t\t\t\t\t\t\t\t<span class=\"elementor-button-text\">EN SAVOIR PLUS<\/span>\n\t\t\t\t\t<\/span>\n\t\t\t\t\t<\/a>\n\t\t\t\t<\/div>\n\t\t\t\t\t\t\t\t<\/div>\n\t\t\t\t<\/div>\n\t\t\t\t<\/div>\n\t\t\t\t<\/div>\n\t\t<div class=\"elementor-element elementor-element-df8fba2 e-con-full e-flex e-con e-parent\" data-id=\"df8fba2\" data-element_type=\"container\">\n\t\t<div class=\"elementor-element elementor-element-b12e7a8 e-con-full e-flex e-con e-child\" data-id=\"b12e7a8\" data-element_type=\"container\" data-settings=\"{&quot;background_background&quot;:&quot;classic&quot;}\">\n\t\t<div class=\"elementor-element elementor-element-05eb8ad e-con-full e-flex e-con e-child\" data-id=\"05eb8ad\" data-element_type=\"container\">\n\t\t\t\t<div class=\"elementor-element elementor-element-2e0d193 elementor-widget elementor-widget-heading\" data-id=\"2e0d193\" data-element_type=\"widget\" data-widget_type=\"heading.default\">\n\t\t\t\t<div class=\"elementor-widget-container\">\n\t\t\t\t\t<h2 class=\"elementor-heading-title elementor-size-default\">SUITE <\/br>AIGUILLE DU MIDI<\/h2>\t\t\t\t<\/div>\n\t\t\t\t<\/div>\n\t\t\t\t<div class=\"elementor-element elementor-element-cb1dadc elementor-widget__width-initial elementor-widget elementor-widget-text-editor\" data-id=\"cb1dadc\" data-element_type=\"widget\" data-widget_type=\"text-editor.default\">\n\t\t\t\t<div class=\"elementor-widget-container\">\n\t\t\t\t\t\t\t\t\tPerch\u00e9e en hauteur dans le chalet, la suite Aiguille du Midi red\u00e9finit l\u2019\u00e9l\u00e9gance montagnarde avec une touche contemporaine. Bois vieilli et baies vitr\u00e9es panoramiques cr\u00e9ent un contraste saisissant entre chaleur et modernit\u00e9. \t\t\t\t\t\t\t\t<\/div>\n\t\t\t\t<\/div>\n\t\t\t\t<\/div>\n\t\t\t\t<div class=\"elementor-element elementor-element-a9c0f89 elementor-mobile-align-center elementor-widget elementor-widget-button\" data-id=\"a9c0f89\" data-element_type=\"widget\" data-widget_type=\"button.default\">\n\t\t\t\t<div class=\"elementor-widget-container\">\n\t\t\t\t\t\t\t\t\t<div class=\"elementor-button-wrapper\">\n\t\t\t\t\t<a class=\"elementor-button elementor-button-link elementor-size-sm\" href=\"https:\/\/chaletbreithorncervinia.com\/fr\/suite-aiguille-du-midi\/\">\n\t\t\t\t\t\t<span class=\"elementor-button-content-wrapper\">\n\t\t\t\t\t\t\t\t\t<span class=\"elementor-button-text\">EN SAVOIR PLUS<\/span>\n\t\t\t\t\t<\/span>\n\t\t\t\t\t<\/a>\n\t\t\t\t<\/div>\n\t\t\t\t\t\t\t\t<\/div>\n\t\t\t\t<\/div>\n\t\t\t\t<\/div>\n\t\t<div class=\"elementor-element elementor-element-7c3e597 e-con-full e-flex e-con e-child\" data-id=\"7c3e597\" data-element_type=\"container\" data-settings=\"{&quot;background_background&quot;:&quot;classic&quot;}\">\n\t\t\t\t<\/div>\n\t\t\t\t<\/div>\n\t\t<div class=\"elementor-element elementor-element-f1c1885 e-con-full e-flex e-con e-parent\" data-id=\"f1c1885\" data-element_type=\"container\">\n\t\t<div class=\"elementor-element elementor-element-b018bf6 e-con-full e-flex e-con e-child\" data-id=\"b018bf6\" data-element_type=\"container\" data-settings=\"{&quot;background_background&quot;:&quot;classic&quot;}\">\n\t\t\t\t<\/div>\n\t\t<div class=\"elementor-element elementor-element-f354ef6 e-con-full e-flex e-con e-child\" data-id=\"f354ef6\" data-element_type=\"container\" data-settings=\"{&quot;background_background&quot;:&quot;classic&quot;}\">\n\t\t<div class=\"elementor-element elementor-element-66c4724 e-con-full e-flex e-con e-child\" data-id=\"66c4724\" data-element_type=\"container\">\n\t\t\t\t<div class=\"elementor-element elementor-element-149bdd0 elementor-widget elementor-widget-heading\" data-id=\"149bdd0\" data-element_type=\"widget\" data-widget_type=\"heading.default\">\n\t\t\t\t<div class=\"elementor-widget-container\">\n\t\t\t\t\t<h2 class=\"elementor-heading-title elementor-size-default\">SUITE <\/br> LYSKAMM<\/h2>\t\t\t\t<\/div>\n\t\t\t\t<\/div>\n\t\t\t\t<div class=\"elementor-element elementor-element-7be4fc1 elementor-widget__width-initial elementor-widget elementor-widget-text-editor\" data-id=\"7be4fc1\" data-element_type=\"widget\" data-widget_type=\"text-editor.default\">\n\t\t\t\t<div class=\"elementor-widget-container\">\n\t\t\t\t\t\t\t\t\tNich\u00e9e sous les majestueuses poutres du chalet, la suite Lyskamm \u00e9voque la chaleur d\u2019un refuge alpin authentique. Vous serez charm\u00e9 par ses planchers en bois vieilli rappelant les chalets d\u2019antan. \t\t\t\t\t\t\t\t<\/div>\n\t\t\t\t<\/div>\n\t\t\t\t<\/div>\n\t\t\t\t<div class=\"elementor-element elementor-element-e302303 elementor-mobile-align-center elementor-widget elementor-widget-button\" data-id=\"e302303\" data-element_type=\"widget\" data-widget_type=\"button.default\">\n\t\t\t\t<div class=\"elementor-widget-container\">\n\t\t\t\t\t\t\t\t\t<div class=\"elementor-button-wrapper\">\n\t\t\t\t\t<a class=\"elementor-button elementor-button-link elementor-size-sm\" href=\"https:\/\/chaletbreithorncervinia.com\/fr\/suite-lyskamm\/\">\n\t\t\t\t\t\t<span class=\"elementor-button-content-wrapper\">\n\t\t\t\t\t\t\t\t\t<span class=\"elementor-button-text\">EN SAVOIR PLUS<\/span>\n\t\t\t\t\t<\/span>\n\t\t\t\t\t<\/a>\n\t\t\t\t<\/div>\n\t\t\t\t\t\t\t\t<\/div>\n\t\t\t\t<\/div>\n\t\t\t\t<\/div>\n\t\t\t\t<\/div>\n\t\t<div class=\"elementor-element elementor-element-e985a7c e-con-full e-flex e-con e-parent\" data-id=\"e985a7c\" data-element_type=\"container\">\n\t\t<div class=\"elementor-element elementor-element-c6b6c91 e-con-full e-flex e-con e-child\" data-id=\"c6b6c91\" data-element_type=\"container\" data-settings=\"{&quot;background_background&quot;:&quot;classic&quot;}\">\n\t\t<div class=\"elementor-element elementor-element-d7c339f e-con-full e-flex e-con e-child\" data-id=\"d7c339f\" data-element_type=\"container\">\n\t\t\t\t<div class=\"elementor-element elementor-element-415eaea elementor-widget elementor-widget-heading\" data-id=\"415eaea\" data-element_type=\"widget\" data-widget_type=\"heading.default\">\n\t\t\t\t<div class=\"elementor-widget-container\">\n\t\t\t\t\t<h2 class=\"elementor-heading-title elementor-size-default\">SUITE <\/br>MONTE ROSA<\/h2>\t\t\t\t<\/div>\n\t\t\t\t<\/div>\n\t\t\t\t<div class=\"elementor-element elementor-element-bbfd5c5 elementor-widget__width-initial elementor-widget elementor-widget-text-editor\" data-id=\"bbfd5c5\" data-element_type=\"widget\" data-widget_type=\"text-editor.default\">\n\t\t\t\t<div class=\"elementor-widget-container\">\n\t\t\t\t\t\t\t\t\tInspir\u00e9e par la puret\u00e9 des grands espaces, la suite Monte Rosa allie textures brutes et \u00e9l\u00e9gance naturelle pour cr\u00e9er un cocon hors du temps.\t\t\t\t\t\t\t\t<\/div>\n\t\t\t\t<\/div>\n\t\t\t\t<\/div>\n\t\t\t\t<div class=\"elementor-element elementor-element-04c253f elementor-mobile-align-center elementor-widget elementor-widget-button\" data-id=\"04c253f\" data-element_type=\"widget\" data-widget_type=\"button.default\">\n\t\t\t\t<div class=\"elementor-widget-container\">\n\t\t\t\t\t\t\t\t\t<div class=\"elementor-button-wrapper\">\n\t\t\t\t\t<a class=\"elementor-button elementor-button-link elementor-size-sm\" href=\"https:\/\/chaletbreithorncervinia.com\/fr\/suite-monte-rosa\/\">\n\t\t\t\t\t\t<span class=\"elementor-button-content-wrapper\">\n\t\t\t\t\t\t\t\t\t<span class=\"elementor-button-text\">EN SAVOIR PLUS<\/span>\n\t\t\t\t\t<\/span>\n\t\t\t\t\t<\/a>\n\t\t\t\t<\/div>\n\t\t\t\t\t\t\t\t<\/div>\n\t\t\t\t<\/div>\n\t\t\t\t<\/div>\n\t\t<div class=\"elementor-element elementor-element-99a9484 e-con-full e-flex e-con e-child\" data-id=\"99a9484\" data-element_type=\"container\" data-settings=\"{&quot;background_background&quot;:&quot;classic&quot;}\">\n\t\t\t\t<\/div>\n\t\t\t\t<\/div>\n\t\t<div class=\"elementor-element elementor-element-7732926 e-flex e-con-boxed e-con e-parent\" data-id=\"7732926\" data-element_type=\"container\" data-settings=\"{&quot;background_background&quot;:&quot;classic&quot;}\">\n\t\t\t\t\t<div class=\"e-con-inner\">\n\t\t\t\t<div class=\"elementor-element elementor-element-12aa856 elementor-widget-mobile__width-initial elementor-widget elementor-widget-heading\" data-id=\"12aa856\" data-element_type=\"widget\" data-widget_type=\"heading.default\">\n\t\t\t\t<div class=\"elementor-widget-container\">\n\t\t\t\t\t<h5 class=\"elementor-heading-title elementor-size-default\">AVEZ-VOUS CHOISI VOTRE <\/br> SUITE BREITHORN PR\u00c9F\u00c9R\u00c9E?<\/h5>\t\t\t\t<\/div>\n\t\t\t\t<\/div>\n\t\t\t\t<div class=\"elementor-element elementor-element-76d3242 elementor-align-center elementor-widget elementor-widget-button\" data-id=\"76d3242\" data-element_type=\"widget\" data-widget_type=\"button.default\">\n\t\t\t\t<div class=\"elementor-widget-container\">\n\t\t\t\t\t\t\t\t\t<div class=\"elementor-button-wrapper\">\n\t\t\t\t\t<a class=\"elementor-button elementor-button-link elementor-size-sm\" href=\"https:\/\/chaletbreithorncervinia.com\/fr\/contactez-nous\/\">\n\t\t\t\t\t\t<span class=\"elementor-button-content-wrapper\">\n\t\t\t\t\t\t\t\t\t<span class=\"elementor-button-text\">CONTACTEZ-NOUS<\/span>\n\t\t\t\t\t<\/span>\n\t\t\t\t\t<\/a>\n\t\t\t\t<\/div>\n\t\t\t\t\t\t\t\t<\/div>\n\t\t\t\t<\/div>\n\t\t\t\t\t<\/div>\n\t\t\t\t<\/div>\n\t\t\t\t<\/div>\n\t\t","protected":false},"excerpt":{"rendered":"<p>\u00c9L\u00c9GANCE INTEMPORELLE: LES SUITES DU CHALET BREITHORN Chacune des six suites du Chalet Breithorn est un hommage \u00e0 la beaut\u00e9 intemporelle des Alpes, o\u00f9 textures naturelles, mobilier sur mesure et vues panoramiques s\u2019unissent en parfaite harmonie. Inspir\u00e9es de sommets l\u00e9gendaires tels que le Mont Rose, l\u2019Aiguille du Midi, le Mont Blanc, le Cervin et le [&hellip;]<\/p>\n","protected":false},"author":2,"featured_media":0,"parent":0,"menu_order":0,"comment_status":"closed","ping_status":"closed","template":"","meta":{"_acf_changed":false,"footnotes":""},"class_list":["post-1076","page","type-page","status-publish","hentry"],"acf":[],"_links":{"self":[{"href":"https:\/\/chaletbreithorncervinia.com\/fr\/wp-json\/wp\/v2\/pages\/1076","targetHints":{"allow":["GET"]}}],"collection":[{"href":"https:\/\/chaletbreithorncervinia.com\/fr\/wp-json\/wp\/v2\/pages"}],"about":[{"href":"https:\/\/chaletbreithorncervinia.com\/fr\/wp-json\/wp\/v2\/types\/page"}],"author":[{"embeddable":true,"href":"https:\/\/chaletbreithorncervinia.com\/fr\/wp-json\/wp\/v2\/users\/2"}],"replies":[{"embeddable":true,"href":"https:\/\/chaletbreithorncervinia.com\/fr\/wp-json\/wp\/v2\/comments?post=1076"}],"version-history":[{"count":10,"href":"https:\/\/chaletbreithorncervinia.com\/fr\/wp-json\/wp\/v2\/pages\/1076\/revisions"}],"predecessor-version":[{"id":1562,"href":"https:\/\/chaletbreithorncervinia.com\/fr\/wp-json\/wp\/v2\/pages\/1076\/revisions\/1562"}],"wp:attachment":[{"href":"https:\/\/chaletbreithorncervinia.com\/fr\/wp-json\/wp\/v2\/media?parent=1076"}],"curies":[{"name":"wp","href":"https:\/\/api.w.org\/{rel}","templated":true}]}}