{"id":975,"date":"2025-06-09T09:16:53","date_gmt":"2025-06-09T09:16:53","guid":{"rendered":"https:\/\/chaletbreithorncervinia.com\/localita\/"},"modified":"2025-12-15T11:16:29","modified_gmt":"2025-12-15T11:16:29","slug":"localita","status":"publish","type":"page","link":"https:\/\/chaletbreithorncervinia.com\/it\/localita\/","title":{"rendered":"Localit\u00e0"},"content":{"rendered":"\t\t<div data-elementor-type=\"wp-page\" data-elementor-id=\"975\" class=\"elementor elementor-975 elementor-52\" data-elementor-post-type=\"page\">\n\t\t\t\t<div class=\"elementor-element elementor-element-390ecd2 elementor-hidden-desktop e-flex e-con-boxed e-con e-parent\" data-id=\"390ecd2\" data-element_type=\"container\">\n\t\t\t\t\t<div class=\"e-con-inner\">\n\t\t\t\t<div class=\"elementor-element elementor-element-ea7824b elementor-hidden-desktop elementor-widget elementor-widget-template\" data-id=\"ea7824b\" data-element_type=\"widget\" data-widget_type=\"template.default\">\n\t\t\t\t<div class=\"elementor-widget-container\">\n\t\t\t\t\t\t\t<div class=\"elementor-template\">\n\t\t\t\t\t<div data-elementor-type=\"container\" data-elementor-id=\"462\" class=\"elementor elementor-462\" data-elementor-post-type=\"elementor_library\">\n\t\t\t\t<div class=\"elementor-element elementor-element-20d1191 elementor-hidden-desktop e-flex e-con-boxed e-con e-parent\" data-id=\"20d1191\" data-element_type=\"container\">\n\t\t\t\t\t<div class=\"e-con-inner\">\n\t\t\t\t<div class=\"elementor-element elementor-element-830e255 elementor-widget elementor-widget-theme-site-logo elementor-widget-image\" data-id=\"830e255\" data-element_type=\"widget\" data-widget_type=\"theme-site-logo.default\">\n\t\t\t\t<div class=\"elementor-widget-container\">\n\t\t\t\t\t\t\t\t\t\t\t<a href=\"https:\/\/chaletbreithorncervinia.com\/it\/\">\n\t\t\t<img decoding=\"async\" width=\"292\" height=\"113\" src=\"https:\/\/chaletbreithorncervinia.com\/wp-content\/uploads\/chalet_breithorn_logo_full.svg\" class=\"attachment-full size-full wp-image-68\" alt=\"\" \/>\t\t\t\t<\/a>\n\t\t\t\t\t\t\t\t\t\t\t<\/div>\n\t\t\t\t<\/div>\n\t\t\t\t\t<\/div>\n\t\t\t\t<\/div>\n\t\t\t\t<\/div>\n\t\t\t\t<\/div>\n\t\t\t\t\t\t<\/div>\n\t\t\t\t<\/div>\n\t\t\t\t\t<\/div>\n\t\t\t\t<\/div>\n\t\t<div class=\"elementor-element elementor-element-26d63b7 e-con-full e-flex e-con e-parent\" data-id=\"26d63b7\" data-element_type=\"container\">\n\t\t<div class=\"elementor-element elementor-element-ed9add7 e-con-full e-flex e-con e-child\" data-id=\"ed9add7\" data-element_type=\"container\" data-settings=\"{&quot;background_background&quot;:&quot;classic&quot;}\">\n\t\t<div class=\"elementor-element elementor-element-4d06a30 e-con-full e-flex e-con e-child\" data-id=\"4d06a30\" data-element_type=\"container\">\n\t\t\t\t<div class=\"elementor-element elementor-element-3265112 elementor-widget elementor-widget-heading\" data-id=\"3265112\" data-element_type=\"widget\" data-widget_type=\"heading.default\">\n\t\t\t\t<div class=\"elementor-widget-container\">\n\t\t\t\t\t<h1 class=\"elementor-heading-title elementor-size-default\">IL COMPRENSORIO <\/br>\nDI BREUIL- CERVINIA<\/h1>\t\t\t\t<\/div>\n\t\t\t\t<\/div>\n\t\t\t\t<div class=\"elementor-element elementor-element-ee7e152 elementor-widget__width-initial elementor-widget elementor-widget-text-editor\" data-id=\"ee7e152\" data-element_type=\"widget\" data-widget_type=\"text-editor.default\">\n\t\t\t\t<div class=\"elementor-widget-container\">\n\t\t\t\t\t\t\t\t\t<p>Il <strong>Breithorn Chalet<\/strong> \u00e8 situato nel cuore di <strong>Breuil-Cervinia<\/strong>, una delle localit\u00e0 di alta quota pi\u00f9 iconiche delle Alpi italiane, con accesso diretto al leggendario comprensorio sciistico di <strong>Zermatt<\/strong>, oltre il confine svizzero. Ai piedi dell\u2019imponente <strong>Cervino<\/strong>, Cervinia \u00e8 famosa per il suo ambiente alpino mozzafiato e la neve affidabile, con una <strong>lunga stagione sciistica da ottobre a maggio<\/strong>. <\/p><p>Il <strong>Breithorn Chalet<\/strong> \u00e8 perfettamente posizionato per offrire il meglio dei due mondi: l\u2019accesso alle famose piste di Zermatt, <strong>ristoranti gourmet<\/strong> e boutique di lusso, insieme al fascino autentico del versante italiano.<\/p><p>Il borgo di <strong>Cervinia<\/strong> \u00e8 vivace e raffinato, con un centro pedonale accogliente costellato di <strong>boutique, caff\u00e8 artigianali<\/strong> e <strong>ristoranti eccellenti<\/strong>. E come ci si aspetta in Italia, la <strong>cucina di montagna \u00e8 straordinaria<\/strong>, servita con calore, tradizione e panorami incantevoli. <\/p>\t\t\t\t\t\t\t\t<\/div>\n\t\t\t\t<\/div>\n\t\t\t\t<\/div>\n\t\t\t\t<\/div>\n\t\t<div class=\"elementor-element elementor-element-70e1435 e-con-full e-flex e-con e-child\" data-id=\"70e1435\" data-element_type=\"container\" data-settings=\"{&quot;background_background&quot;:&quot;classic&quot;}\">\n\t\t\t\t<\/div>\n\t\t\t\t<\/div>\n\t\t<div class=\"elementor-element elementor-element-e649929 e-con-full e-flex e-con e-parent\" data-id=\"e649929\" data-element_type=\"container\" data-settings=\"{&quot;background_background&quot;:&quot;classic&quot;}\">\n\t\t\t\t<div class=\"elementor-element elementor-element-5fca42c elementor-widget elementor-widget-heading\" data-id=\"5fca42c\" data-element_type=\"widget\" data-widget_type=\"heading.default\">\n\t\t\t\t<div class=\"elementor-widget-container\">\n\t\t\t\t\t<h2 class=\"elementor-heading-title elementor-size-default\">ATTIVIT\u00c0 INVERNALI<\/h2>\t\t\t\t<\/div>\n\t\t\t\t<\/div>\n\t\t<div class=\"elementor-element elementor-element-ba1f6c0 e-flex e-con-boxed e-con e-child\" data-id=\"ba1f6c0\" data-element_type=\"container\">\n\t\t\t\t\t<div class=\"e-con-inner\">\n\t\t<div class=\"elementor-element elementor-element-87ee94c e-con-full e-flex e-con e-child\" data-id=\"87ee94c\" data-element_type=\"container\">\n\t\t\t\t<div class=\"elementor-element elementor-element-1694da5 elementor-widget elementor-widget-image\" data-id=\"1694da5\" data-element_type=\"widget\" data-widget_type=\"image.default\">\n\t\t\t\t<div class=\"elementor-widget-container\">\n\t\t\t\t\t\t\t\t\t\t\t\t\t\t\t<img decoding=\"async\" width=\"126\" height=\"126\" src=\"https:\/\/chaletbreithorncervinia.com\/wp-content\/uploads\/ski-icon.svg\" class=\"attachment-full size-full wp-image-932\" alt=\"\" \/>\t\t\t\t\t\t\t\t\t\t\t\t\t\t\t<\/div>\n\t\t\t\t<\/div>\n\t\t\t\t<div class=\"elementor-element elementor-element-2157a36 elementor-widget elementor-widget-heading\" data-id=\"2157a36\" data-element_type=\"widget\" data-widget_type=\"heading.default\">\n\t\t\t\t<div class=\"elementor-widget-container\">\n\t\t\t\t\t<h4 class=\"elementor-heading-title elementor-size-default\">Sci<\/h4>\t\t\t\t<\/div>\n\t\t\t\t<\/div>\n\t\t\t\t<\/div>\n\t\t<div class=\"elementor-element elementor-element-03acb86 e-con-full e-flex e-con e-child\" data-id=\"03acb86\" data-element_type=\"container\">\n\t\t\t\t<div class=\"elementor-element elementor-element-dd2bbff elementor-widget elementor-widget-image\" data-id=\"dd2bbff\" data-element_type=\"widget\" data-widget_type=\"image.default\">\n\t\t\t\t<div class=\"elementor-widget-container\">\n\t\t\t\t\t\t\t\t\t\t\t\t\t\t\t<img decoding=\"async\" width=\"126\" height=\"126\" src=\"https:\/\/chaletbreithorncervinia.com\/wp-content\/uploads\/snowboard-icon.svg\" class=\"attachment-full size-full wp-image-934\" alt=\"\" \/>\t\t\t\t\t\t\t\t\t\t\t\t\t\t\t<\/div>\n\t\t\t\t<\/div>\n\t\t\t\t<div class=\"elementor-element elementor-element-be4588c elementor-widget elementor-widget-heading\" data-id=\"be4588c\" data-element_type=\"widget\" data-widget_type=\"heading.default\">\n\t\t\t\t<div class=\"elementor-widget-container\">\n\t\t\t\t\t<h4 class=\"elementor-heading-title elementor-size-default\">Snowboard<\/h4>\t\t\t\t<\/div>\n\t\t\t\t<\/div>\n\t\t\t\t<\/div>\n\t\t<div class=\"elementor-element elementor-element-bed94bb e-con-full e-flex e-con e-child\" data-id=\"bed94bb\" data-element_type=\"container\">\n\t\t\t\t<div class=\"elementor-element elementor-element-ceca019 elementor-widget elementor-widget-image\" data-id=\"ceca019\" data-element_type=\"widget\" data-widget_type=\"image.default\">\n\t\t\t\t<div class=\"elementor-widget-container\">\n\t\t\t\t\t\t\t\t\t\t\t\t\t\t\t<img loading=\"lazy\" decoding=\"async\" width=\"126\" height=\"126\" src=\"https:\/\/chaletbreithorncervinia.com\/wp-content\/uploads\/trek-icon.svg\" class=\"attachment-full size-full wp-image-942\" alt=\"\" \/>\t\t\t\t\t\t\t\t\t\t\t\t\t\t\t<\/div>\n\t\t\t\t<\/div>\n\t\t\t\t<div class=\"elementor-element elementor-element-130b7ac elementor-widget elementor-widget-heading\" data-id=\"130b7ac\" data-element_type=\"widget\" data-widget_type=\"heading.default\">\n\t\t\t\t<div class=\"elementor-widget-container\">\n\t\t\t\t\t<h4 class=\"elementor-heading-title elementor-size-default\">Ciaspolate<\/h4>\t\t\t\t<\/div>\n\t\t\t\t<\/div>\n\t\t\t\t<\/div>\n\t\t<div class=\"elementor-element elementor-element-5a4e9f0 e-con-full e-flex e-con e-child\" data-id=\"5a4e9f0\" data-element_type=\"container\">\n\t\t\t\t<div class=\"elementor-element elementor-element-99808fa elementor-widget elementor-widget-image\" data-id=\"99808fa\" data-element_type=\"widget\" data-widget_type=\"image.default\">\n\t\t\t\t<div class=\"elementor-widget-container\">\n\t\t\t\t\t\t\t\t\t\t\t\t\t\t\t<img loading=\"lazy\" decoding=\"async\" width=\"126\" height=\"126\" src=\"https:\/\/chaletbreithorncervinia.com\/wp-content\/uploads\/heli-skiing-icon.svg\" class=\"attachment-full size-full wp-image-916\" alt=\"\" \/>\t\t\t\t\t\t\t\t\t\t\t\t\t\t\t<\/div>\n\t\t\t\t<\/div>\n\t\t\t\t<div class=\"elementor-element elementor-element-411dff0 elementor-widget elementor-widget-heading\" data-id=\"411dff0\" data-element_type=\"widget\" data-widget_type=\"heading.default\">\n\t\t\t\t<div class=\"elementor-widget-container\">\n\t\t\t\t\t<h4 class=\"elementor-heading-title elementor-size-default\">Eli-sci<\/h4>\t\t\t\t<\/div>\n\t\t\t\t<\/div>\n\t\t\t\t<\/div>\n\t\t\t\t\t<\/div>\n\t\t\t\t<\/div>\n\t\t\t\t<\/div>\n\t\t<div class=\"elementor-element elementor-element-c892554 e-con-full e-flex e-con e-parent\" data-id=\"c892554\" data-element_type=\"container\">\n\t\t<div class=\"elementor-element elementor-element-7a9a274 e-con-full e-flex e-con e-child\" data-id=\"7a9a274\" data-element_type=\"container\" data-settings=\"{&quot;background_background&quot;:&quot;classic&quot;}\">\n\t\t\t\t<\/div>\n\t\t<div class=\"elementor-element elementor-element-3437890 e-con-full e-flex e-con e-child\" data-id=\"3437890\" data-element_type=\"container\" data-settings=\"{&quot;background_background&quot;:&quot;classic&quot;}\">\n\t\t<div class=\"elementor-element elementor-element-7205ce7 e-con-full e-flex e-con e-child\" data-id=\"7205ce7\" data-element_type=\"container\">\n\t\t\t\t<div class=\"elementor-element elementor-element-361a64e elementor-widget elementor-widget-heading\" data-id=\"361a64e\" data-element_type=\"widget\" data-widget_type=\"heading.default\">\n\t\t\t\t<div class=\"elementor-widget-container\">\n\t\t\t\t\t<h4 class=\"elementor-heading-title elementor-size-default\">CERVINIA <\/br>\nD'INVERNO<\/h4>\t\t\t\t<\/div>\n\t\t\t\t<\/div>\n\t\t\t\t<div class=\"elementor-element elementor-element-d66ee52 elementor-widget__width-initial elementor-widget elementor-widget-text-editor\" data-id=\"d66ee52\" data-element_type=\"widget\" data-widget_type=\"text-editor.default\">\n\t\t\t\t<div class=\"elementor-widget-container\">\n\t\t\t\t\t\t\t\t\t<p>L\u2019inverno al <strong>Breithorn Chalet<\/strong> offre una delle esperienze alpine pi\u00f9 esclusive d\u2019Europa. Con oltre <g id=\"gid_1\">360 km di piste perfettamente preparate<\/g>, il <g id=\"gid_2\">Matterhorn Ski Paradise<\/g> collega Cervinia con Zermatt e Valtournenche, formando uno dei pi\u00f9 vasti e suggestivi comprensori sciistici d\u2019Europa. Dalle piste larghe ideali per principianti ai percorsi fuoripista e all\u2019<g id=\"gid_3\">heliski<\/g>, la regione soddisfa ogni livello di sciatore.<br>Gli ospiti pi\u00f9 avventurosi possono esplorare <g id=\"gid_4\">itinerari fuoripista<\/g> con guide esperte, fare <g id=\"gid_5\">escursioni con le ciaspole<\/g> o partecipare a attivit\u00e0 come <strong>sleddog<\/strong>, <strong>arrampicata su ghiaccio<\/strong> e <strong>sci notturno<\/strong>.<br>Fuori dalle piste, il fascino continua: <strong>Zermatt<\/strong> e <strong>Cervinia<\/strong> vantano <strong>spa<\/strong> di livello mondiale, <strong>ristoranti gourmet<\/strong> e boutique di design.    <strong>Degustazioni private<\/strong>, <strong>corsi di cucina<\/strong> e <strong>visite culturali<\/strong> completano l\u2019esperienza. Al <strong>Breithorn Chalet<\/strong>, l\u2019area benessere privata \u2014 con <strong>piscina<\/strong>, <strong>sauna<\/strong>, <strong>jacuzzi<\/strong> e <strong>massaggi<\/strong> \u2014 \u00e8 un\u2019oasi di relax. La sala cinema privata offre la cornice perfetta per le serate dopo una giornata sulla neve. In inverno, l\u2019eleganza incontra l\u2019avventura per un\u2019esperienza alpina unica.  <\/p>\t\t\t\t\t\t\t\t<\/div>\n\t\t\t\t<\/div>\n\t\t\t\t<\/div>\n\t\t\t\t<\/div>\n\t\t\t\t<\/div>\n\t\t<div class=\"elementor-element elementor-element-2b5b2a7 e-con-full e-flex e-con e-parent\" data-id=\"2b5b2a7\" data-element_type=\"container\" data-settings=\"{&quot;background_background&quot;:&quot;classic&quot;}\">\n\t\t\t\t<div class=\"elementor-element elementor-element-d96ad14 elementor-widget elementor-widget-heading\" data-id=\"d96ad14\" data-element_type=\"widget\" data-widget_type=\"heading.default\">\n\t\t\t\t<div class=\"elementor-widget-container\">\n\t\t\t\t\t<h2 class=\"elementor-heading-title elementor-size-default\">ATTIVIT\u00c0 ESTIVE<\/h2>\t\t\t\t<\/div>\n\t\t\t\t<\/div>\n\t\t<div class=\"elementor-element elementor-element-9bb6c4d e-flex e-con-boxed e-con e-child\" data-id=\"9bb6c4d\" data-element_type=\"container\">\n\t\t\t\t\t<div class=\"e-con-inner\">\n\t\t<div class=\"elementor-element elementor-element-368306e e-con-full e-flex e-con e-child\" data-id=\"368306e\" data-element_type=\"container\">\n\t\t\t\t<div class=\"elementor-element elementor-element-71c86bb elementor-widget elementor-widget-image\" data-id=\"71c86bb\" data-element_type=\"widget\" data-widget_type=\"image.default\">\n\t\t\t\t<div class=\"elementor-widget-container\">\n\t\t\t\t\t\t\t\t\t\t\t\t\t\t\t<img loading=\"lazy\" decoding=\"async\" width=\"126\" height=\"126\" src=\"https:\/\/chaletbreithorncervinia.com\/wp-content\/uploads\/bike-icon.svg\" class=\"attachment-full size-full wp-image-906\" alt=\"\" \/>\t\t\t\t\t\t\t\t\t\t\t\t\t\t\t<\/div>\n\t\t\t\t<\/div>\n\t\t\t\t<div class=\"elementor-element elementor-element-09fbb49 elementor-widget elementor-widget-heading\" data-id=\"09fbb49\" data-element_type=\"widget\" data-widget_type=\"heading.default\">\n\t\t\t\t<div class=\"elementor-widget-container\">\n\t\t\t\t\t<h4 class=\"elementor-heading-title elementor-size-default\">Mountain bike<\/h4>\t\t\t\t<\/div>\n\t\t\t\t<\/div>\n\t\t\t\t<\/div>\n\t\t<div class=\"elementor-element elementor-element-7099043 e-con-full e-flex e-con e-child\" data-id=\"7099043\" data-element_type=\"container\">\n\t\t\t\t<div class=\"elementor-element elementor-element-7b6eb11 elementor-widget elementor-widget-image\" data-id=\"7b6eb11\" data-element_type=\"widget\" data-widget_type=\"image.default\">\n\t\t\t\t<div class=\"elementor-widget-container\">\n\t\t\t\t\t\t\t\t\t\t\t\t\t\t\t<img loading=\"lazy\" decoding=\"async\" width=\"126\" height=\"126\" src=\"https:\/\/chaletbreithorncervinia.com\/wp-content\/uploads\/trek-icon.svg\" class=\"attachment-full size-full wp-image-942\" alt=\"\" \/>\t\t\t\t\t\t\t\t\t\t\t\t\t\t\t<\/div>\n\t\t\t\t<\/div>\n\t\t\t\t<div class=\"elementor-element elementor-element-fb1e49e elementor-widget elementor-widget-heading\" data-id=\"fb1e49e\" data-element_type=\"widget\" data-widget_type=\"heading.default\">\n\t\t\t\t<div class=\"elementor-widget-container\">\n\t\t\t\t\t<h4 class=\"elementor-heading-title elementor-size-default\">Hike &amp; Trek<\/h4>\t\t\t\t<\/div>\n\t\t\t\t<\/div>\n\t\t\t\t<\/div>\n\t\t<div class=\"elementor-element elementor-element-23461d4 e-con-full e-flex e-con e-child\" data-id=\"23461d4\" data-element_type=\"container\">\n\t\t\t\t<div class=\"elementor-element elementor-element-6ba8476 elementor-widget elementor-widget-image\" data-id=\"6ba8476\" data-element_type=\"widget\" data-widget_type=\"image.default\">\n\t\t\t\t<div class=\"elementor-widget-container\">\n\t\t\t\t\t\t\t\t\t\t\t\t\t\t\t<img loading=\"lazy\" decoding=\"async\" width=\"126\" height=\"126\" src=\"https:\/\/chaletbreithorncervinia.com\/wp-content\/uploads\/golf-icon.svg\" class=\"attachment-full size-full wp-image-912\" alt=\"\" \/>\t\t\t\t\t\t\t\t\t\t\t\t\t\t\t<\/div>\n\t\t\t\t<\/div>\n\t\t\t\t<div class=\"elementor-element elementor-element-be063fe elementor-widget elementor-widget-heading\" data-id=\"be063fe\" data-element_type=\"widget\" data-widget_type=\"heading.default\">\n\t\t\t\t<div class=\"elementor-widget-container\">\n\t\t\t\t\t<h4 class=\"elementor-heading-title elementor-size-default\">Golf<\/h4>\t\t\t\t<\/div>\n\t\t\t\t<\/div>\n\t\t\t\t<\/div>\n\t\t<div class=\"elementor-element elementor-element-67bbf76 e-con-full e-flex e-con e-child\" data-id=\"67bbf76\" data-element_type=\"container\">\n\t\t\t\t<div class=\"elementor-element elementor-element-0be32da elementor-widget elementor-widget-image\" data-id=\"0be32da\" data-element_type=\"widget\" data-widget_type=\"image.default\">\n\t\t\t\t<div class=\"elementor-widget-container\">\n\t\t\t\t\t\t\t\t\t\t\t\t\t\t\t<img loading=\"lazy\" decoding=\"async\" width=\"126\" height=\"126\" src=\"https:\/\/chaletbreithorncervinia.com\/wp-content\/uploads\/paragliding-icon.svg\" class=\"attachment-full size-full wp-image-922\" alt=\"\" \/>\t\t\t\t\t\t\t\t\t\t\t\t\t\t\t<\/div>\n\t\t\t\t<\/div>\n\t\t\t\t<div class=\"elementor-element elementor-element-7c675e2 elementor-widget elementor-widget-heading\" data-id=\"7c675e2\" data-element_type=\"widget\" data-widget_type=\"heading.default\">\n\t\t\t\t<div class=\"elementor-widget-container\">\n\t\t\t\t\t<h4 class=\"elementor-heading-title elementor-size-default\">Parapendio<\/h4>\t\t\t\t<\/div>\n\t\t\t\t<\/div>\n\t\t\t\t<\/div>\n\t\t\t\t\t<\/div>\n\t\t\t\t<\/div>\n\t\t\t\t<\/div>\n\t\t<div class=\"elementor-element elementor-element-730d8f2 e-con-full e-flex e-con e-parent\" data-id=\"730d8f2\" data-element_type=\"container\">\n\t\t<div class=\"elementor-element elementor-element-b2fbebf e-con-full e-flex e-con e-child\" data-id=\"b2fbebf\" data-element_type=\"container\" data-settings=\"{&quot;background_background&quot;:&quot;classic&quot;}\">\n\t\t<div class=\"elementor-element elementor-element-caa9f21 e-con-full e-flex e-con e-child\" data-id=\"caa9f21\" data-element_type=\"container\">\n\t\t\t\t<div class=\"elementor-element elementor-element-b995f38 elementor-widget elementor-widget-heading\" data-id=\"b995f38\" data-element_type=\"widget\" data-widget_type=\"heading.default\">\n\t\t\t\t<div class=\"elementor-widget-container\">\n\t\t\t\t\t<h4 class=\"elementor-heading-title elementor-size-default\">CERVINIA<\/br>\nD'ESTATE<\/h4>\t\t\t\t<\/div>\n\t\t\t\t<\/div>\n\t\t\t\t<div class=\"elementor-element elementor-element-c211ef6 elementor-widget__width-initial elementor-widget elementor-widget-text-editor\" data-id=\"c211ef6\" data-element_type=\"widget\" data-widget_type=\"text-editor.default\">\n\t\t\t\t<div class=\"elementor-widget-container\">\n\t\t\t\t\t\t\t\t\t<p>L\u2019estate al <strong>Breithorn Chalet<\/strong> svela il lato pi\u00f9 sereno e soleggiato delle Alpi: prati verdi, laghi cristallini e sentieri panoramici prendono il posto delle nevi. Il comprensorio <g id=\"gid_1\">Zermatt\u2013Cervinia<\/g> si trasforma in un santuario d\u2019alta quota per chi cerca natura, raffinatezza e avventura.<br>Partendo direttamente dallo chalet, esplora <strong>sentieri per trekking e mountain bike<\/strong> che attraversano l\u2019Italia e la Svizzera con viste spettacolari sul Cervino. Vivi lo <strong>sci estivo sul ghiacciaio<\/strong> del Plateau Rosa o prova il <strong>parapendio<\/strong> per volare in silenzio sopra le valli. Il campo da golf a 18 buche di Cervinia, tra i pi\u00f9 alti d\u2019Europa, offre partite memorabili tra vette innevate.<br>L\u2019estate \u00e8 anche sinonimo di benessere: pomeriggi rilassanti nella <strong>spa privata<\/strong>, film nella <strong>sala cinema<\/strong> o un buon vino dalla <strong>cantina<\/strong> dello chalet. A Zermatt e Cervinia, scopri <strong>gallerie d\u2019arte<\/strong>, <strong>boutique<\/strong> e <strong>ristoranti a km 0,<\/strong> o prendi una <strong>funivia<\/strong> per un picnic in vetta. Che tu cerchi avventura o relax, l\u2019estate qui \u00e8 una boccata d\u2019aria alpina \u2014 senza tempo, elegante, incredibilmente ispirante.        <\/p>\t\t\t\t\t\t\t\t<\/div>\n\t\t\t\t<\/div>\n\t\t\t\t<\/div>\n\t\t\t\t<\/div>\n\t\t<div class=\"elementor-element elementor-element-f094591 e-con-full e-flex e-con e-child\" data-id=\"f094591\" data-element_type=\"container\" data-settings=\"{&quot;background_background&quot;:&quot;classic&quot;}\">\n\t\t\t\t<\/div>\n\t\t\t\t<\/div>\n\t\t<div class=\"elementor-element elementor-element-25c7d00 e-flex e-con-boxed e-con e-parent\" data-id=\"25c7d00\" data-element_type=\"container\" data-settings=\"{&quot;background_background&quot;:&quot;classic&quot;}\">\n\t\t\t\t\t<div class=\"e-con-inner\">\n\t\t\t\t<div class=\"elementor-element elementor-element-ca48727 elementor-widget-mobile__width-initial elementor-widget elementor-widget-heading\" data-id=\"ca48727\" data-element_type=\"widget\" data-widget_type=\"heading.default\">\n\t\t\t\t<div class=\"elementor-widget-container\">\n\t\t\t\t\t<h5 class=\"elementor-heading-title elementor-size-default\">TI AIUTEREMO A PRENOTARE <\/br>\nLE ATTIVIT\u00c0 CHE DESIDERI!<\/h5>\t\t\t\t<\/div>\n\t\t\t\t<\/div>\n\t\t\t\t<div class=\"elementor-element elementor-element-e869fa0 elementor-align-center elementor-widget elementor-widget-button\" data-id=\"e869fa0\" data-element_type=\"widget\" data-widget_type=\"button.default\">\n\t\t\t\t<div class=\"elementor-widget-container\">\n\t\t\t\t\t\t\t\t\t<div class=\"elementor-button-wrapper\">\n\t\t\t\t\t<a class=\"elementor-button elementor-button-link elementor-size-sm\" href=\"https:\/\/chaletbreithorncervinia.com\/it\/contatti\/\">\n\t\t\t\t\t\t<span class=\"elementor-button-content-wrapper\">\n\t\t\t\t\t\t\t\t\t<span class=\"elementor-button-text\">CONTATTACI<\/span>\n\t\t\t\t\t<\/span>\n\t\t\t\t\t<\/a>\n\t\t\t\t<\/div>\n\t\t\t\t\t\t\t\t<\/div>\n\t\t\t\t<\/div>\n\t\t\t\t\t<\/div>\n\t\t\t\t<\/div>\n\t\t\t\t<\/div>\n\t\t","protected":false},"excerpt":{"rendered":"<p>IL COMPRENSORIO DI BREUIL- CERVINIA Il Breithorn Chalet \u00e8 situato nel cuore di Breuil-Cervinia, una delle localit\u00e0 di alta quota pi\u00f9 iconiche delle Alpi italiane, con accesso diretto al leggendario comprensorio sciistico di Zermatt, oltre il confine svizzero. Ai piedi dell\u2019imponente Cervino, Cervinia \u00e8 famosa per il suo ambiente alpino mozzafiato e la neve affidabile, [&hellip;]<\/p>\n","protected":false},"author":2,"featured_media":0,"parent":0,"menu_order":0,"comment_status":"closed","ping_status":"closed","template":"","meta":{"_acf_changed":false,"footnotes":""},"class_list":["post-975","page","type-page","status-publish","hentry"],"acf":[],"_links":{"self":[{"href":"https:\/\/chaletbreithorncervinia.com\/it\/wp-json\/wp\/v2\/pages\/975","targetHints":{"allow":["GET"]}}],"collection":[{"href":"https:\/\/chaletbreithorncervinia.com\/it\/wp-json\/wp\/v2\/pages"}],"about":[{"href":"https:\/\/chaletbreithorncervinia.com\/it\/wp-json\/wp\/v2\/types\/page"}],"author":[{"embeddable":true,"href":"https:\/\/chaletbreithorncervinia.com\/it\/wp-json\/wp\/v2\/users\/2"}],"replies":[{"embeddable":true,"href":"https:\/\/chaletbreithorncervinia.com\/it\/wp-json\/wp\/v2\/comments?post=975"}],"version-history":[{"count":2,"href":"https:\/\/chaletbreithorncervinia.com\/it\/wp-json\/wp\/v2\/pages\/975\/revisions"}],"predecessor-version":[{"id":1372,"href":"https:\/\/chaletbreithorncervinia.com\/it\/wp-json\/wp\/v2\/pages\/975\/revisions\/1372"}],"wp:attachment":[{"href":"https:\/\/chaletbreithorncervinia.com\/it\/wp-json\/wp\/v2\/media?parent=975"}],"curies":[{"name":"wp","href":"https:\/\/api.w.org\/{rel}","templated":true}]}}